{"id":52924,"date":"2025-10-04T14:51:30","date_gmt":"2025-10-04T12:51:30","guid":{"rendered":"https:\/\/glampingoase.com\/?page_id=52924"},"modified":"2026-01-27T20:42:57","modified_gmt":"2026-01-27T19:42:57","slug":"landingpage-glamping-am-meer","status":"publish","type":"page","link":"https:\/\/glampingoase.com\/fr\/glamping-am-strand\/","title":{"rendered":"Glamping sur la plage"},"content":{"rendered":"<div data-elementor-type=\"wp-page\" data-elementor-id=\"52924\" class=\"elementor elementor-52924\" data-elementor-post-type=\"page\">\n\t\t\t\t<div class=\"elementor-element elementor-element-1a27ac3 e-con-full e-flex e-con e-child\" data-id=\"1a27ac3\" data-element_type=\"container\" data-e-type=\"container\" data-settings=\"{&quot;jet_parallax_layout_list&quot;:[]}\">\n\t\t\t\t<div class=\"elementor-element elementor-element-68cfcde elementor-widget elementor-widget-heading\" data-id=\"68cfcde\" data-element_type=\"widget\" data-e-type=\"widget\" data-widget_type=\"heading.default\">\n\t\t\t\t\t<h2 class=\"elementor-heading-title elementor-size-default\">Glamping sur la plage<\/h2>\t\t\t\t<\/div>\n\t\t\t\t<div class=\"elementor-element elementor-element-f38f070 elementor-widget elementor-widget-text-editor\" data-id=\"f38f070\" data-element_type=\"widget\" data-e-type=\"widget\" data-widget_type=\"text-editor.default\">\n\t\t\t\t\t\t\t\t\t<p>Le glamping sur la plage combine le meilleur de deux mondes : la proximit\u00e9 relaxante de l'eau et un h\u00e9bergement confortable au c\u0153ur de la nature. Qu'il s'agisse d'une \u00e9l\u00e9gante tente safari, d'une tiny house moderne ou d'un lodge luxueux, tu profites de courtes distances jusqu'\u00e0 la plage, de l'air frais et de vues de r\u00eave, sans pour autant renoncer au confort. Id\u00e9al pour tous ceux qui recherchent le calme, la nature et une exp\u00e9rience de vacances particuli\u00e8re directement sur la plage.<\/p>\t\t\t\t\t\t\t\t<\/div>\n\t\t\t\t<div class=\"elementor-element elementor-element-fa1f4ec elementor-widget elementor-widget-heading\" data-id=\"fa1f4ec\" data-element_type=\"widget\" data-e-type=\"widget\" data-widget_type=\"heading.default\">\n\t\t\t\t\t<h3 class=\"elementor-heading-title elementor-size-default\">H\u00e9bergements s\u00e9lectionn\u00e9s sur la plage<\/h3>\t\t\t\t<\/div>\n\t\t\t\t<div class=\"elementor-element elementor-element-a3927f5 elementor-widget elementor-widget-jet-listing-grid\" data-id=\"a3927f5\" data-element_type=\"widget\" data-e-type=\"widget\" data-settings=\"{&quot;columns&quot;:&quot;3&quot;,&quot;columns_tablet&quot;:&quot;1&quot;,&quot;columns_mobile&quot;:&quot;1&quot;}\" data-widget_type=\"jet-listing-grid.default\">\n\t\t\t\t\t<div class=\"jet-listing-grid jet-listing-grid--lazy-load jet-listing jet-listing-grid-loading\" data-lazy-load=\"{&quot;offset&quot;:&quot;0px&quot;,&quot;post_id&quot;:52924,&quot;queried_id&quot;:&quot;52924|WP_Post&quot;}\"><div class=\"jet-listing-grid__loader\"><div class=\"jet-listing-grid__loader-spinner\"><\/div><\/div><\/div>\t\t\t\t<\/div>\n\t\t\t\t<div class=\"elementor-element elementor-element-e1ba377 elementor-align-center elementor-widget elementor-widget-button\" data-id=\"e1ba377\" data-element_type=\"widget\" data-e-type=\"widget\" data-widget_type=\"button.default\">\n\t\t\t\t\t\t\t\t\t\t<a class=\"elementor-button elementor-button-link elementor-size-sm\" href=\"https:\/\/glampingoase.com\/fr\/glampings\/?jsf=jet-engine:filter-propertie&#038;tax=surroundings:115\">\n\t\t\t\t\t\t<span class=\"elementor-button-content-wrapper\">\n\t\t\t\t\t\t\t\t\t<span class=\"elementor-button-text\">Vers tous les h\u00e9bergements pr\u00e8s de la plage<\/span>\n\t\t\t\t\t<\/span>\n\t\t\t\t\t<\/a>\n\t\t\t\t\t\t\t\t<\/div>\n\t\t\t\t<div class=\"elementor-element elementor-element-8204758 elementor-widget elementor-widget-text-editor\" data-id=\"8204758\" data-element_type=\"widget\" data-e-type=\"widget\" data-widget_type=\"text-editor.default\">\n\t\t\t\t\t\t\t\t\t<p data-start=\"1254\" data-end=\"1584\">Des vacances en glamping au bord de la mer offrent non seulement de la d\u00e9tente, mais aussi des activit\u00e9s vari\u00e9es : promenades sur la plage, couchers de soleil sur l'eau ou sports nautiques directement devant le logement. De nombreux objets de glamping sont situ\u00e9s dans des endroits calmes et proches de la nature, tout en permettant un acc\u00e8s rapide aux villages c\u00f4tiers, aux restaurants ou aux lieux d'excursion. Le glamping en bord de mer devient ainsi une combinaison id\u00e9ale de d\u00e9tente, de d\u00e9couverte de la nature et de luxe doux.<\/p><p data-start=\"1807\" data-end=\"1948\">Tu trouveras tous les logements de glamping \u00e0 proximit\u00e9 de la plage <a href=\"https:\/\/glampingoase.com\/fr\/glampings\/?jsf=jet-engine:filter-propertie&amp;tax=surroundings:115\">ici<\/a>.<\/p>\t\t\t\t\t\t\t\t<\/div>\n\t\t\t\t<div class=\"elementor-element elementor-element-0dc988d elementor-widget elementor-widget-jet-accordion\" data-id=\"0dc988d\" data-element_type=\"widget\" data-e-type=\"widget\" data-widget_type=\"jet-accordion.default\">\n\t\t\t\t<div class=\"elementor-widget-container\">\n\t\t\t\t\t\t\t\t\t<div class=\"jet-accordion\" data-settings=\"{&quot;collapsible&quot;:true,&quot;ajaxTemplate&quot;:false,&quot;switchScrolling&quot;:false,&quot;switchScrollingTablet&quot;:false,&quot;switchScrollingMobile&quot;:false,&quot;switchScrollingOffset&quot;:{&quot;size&quot;:0,&quot;unit&quot;:&quot;px&quot;},&quot;switchScrollingOffsetTablet&quot;:{&quot;size&quot;:0,&quot;unit&quot;:&quot;px&quot;},&quot;switchScrollingOffsetMobile&quot;:{&quot;size&quot;:0,&quot;unit&quot;:&quot;px&quot;},&quot;switchScrollingDelay&quot;:500,&quot;switchScrollingDelayTablet&quot;:500,&quot;switchScrollingDelayMobile&quot;:500}\">\n\t\t\t<div class=\"jet-accordion__inner\">\n\t\t\t\t<div class=\"jet-accordion__item jet-toggle jet-toggle-move-up-effect\">\n\t\t\t\t\t\t\t<div id=\"jet-toggle-control-1441\" class=\"jet-toggle__control elementor-menu-anchor\" data-toggle=\"1\" role=\"button\" tabindex=\"0\" aria-controls=\"jet-toggle-content-1441\" aria-expanded=\"false\" data-template-id=\"false\">\n\t\t\t\t\t\t\t\t<div class=\"jet-toggle__label-icon jet-toggle-icon-position-right\"><span class=\"jet-toggle__icon icon-normal jet-tabs-icon\"><svg xmlns=\"http:\/\/www.w3.org\/2000\/svg\" id=\"Layer_1\" height=\"512\" viewbox=\"0 0 128 128\" width=\"512\"><path id=\"Down_Arrow_3_\" d=\"m64 88c-1.023 0-2.047-.391-2.828-1.172l-40-40c-1.563-1.563-1.563-4.094 0-5.656s4.094-1.563 5.656 0l37.172 37.172 37.172-37.172c1.563-1.563 4.094-1.563 5.656 0s1.563 4.094 0 5.656l-40 40c-.781.781-1.805 1.172-2.828 1.172z\"><\/path><\/svg><\/span><span class=\"jet-toggle__icon icon-active jet-tabs-icon\"><svg xmlns=\"http:\/\/www.w3.org\/2000\/svg\" id=\"Layer_1\" height=\"512\" viewbox=\"0 0 2000 2000\" width=\"512\"><g><g><path d=\"m1744 1436c-16.4 0-32.8-6.2-45.3-18.7l-698.7-698.8-698.7 698.7c-25 25-65.5 25-90.5 0s-25-65.5 0-90.5l744-744c25-25 65.5-25 90.5 0l744 744c25 25 25 65.5 0 90.5-12.5 12.6-28.9 18.8-45.3 18.8z\"><\/path><\/g><\/g><\/svg><\/span><\/div><h4 class=\"jet-toggle__label-text\">Que signifie le glamping \u00e0 la plage ?<\/h4>\t\t\t\t\t\t\t<\/div>\n\t\t\t\t\t\t\t<div id=\"jet-toggle-content-1441\" class=\"jet-toggle__content\" data-toggle=\"1\" role=\"region\" data-template-id=\"false\">\n\t\t\t\t\t\t\t\t<div class=\"jet-toggle__content-inner\"><p>Le glamping \u00e0 la plage associe un h\u00e9bergement confortable \u00e0 la proximit\u00e9 directe d'une plage, qu'il s'agisse de la mer, d'un lac ou d'une c\u00f4te. Tu passes une nuit proche de la nature tout en profitant de commodit\u00e9s telles que des lits confortables, l'\u00e9lectricit\u00e9 et des installations sanitaires priv\u00e9es.<\/p><\/div>\n\t\t\t\t\t\t\t<\/div>\n\t\t\t\t\t\t<\/div><div class=\"jet-accordion__item jet-toggle jet-toggle-move-up-effect\">\n\t\t\t\t\t\t\t<div id=\"jet-toggle-control-1442\" class=\"jet-toggle__control elementor-menu-anchor\" data-toggle=\"2\" role=\"button\" tabindex=\"0\" aria-controls=\"jet-toggle-content-1442\" aria-expanded=\"false\" data-template-id=\"false\">\n\t\t\t\t\t\t\t\t<div class=\"jet-toggle__label-icon jet-toggle-icon-position-right\"><span class=\"jet-toggle__icon icon-normal jet-tabs-icon\"><svg xmlns=\"http:\/\/www.w3.org\/2000\/svg\" id=\"Layer_1\" height=\"512\" viewbox=\"0 0 128 128\" width=\"512\"><path id=\"Down_Arrow_3_\" d=\"m64 88c-1.023 0-2.047-.391-2.828-1.172l-40-40c-1.563-1.563-1.563-4.094 0-5.656s4.094-1.563 5.656 0l37.172 37.172 37.172-37.172c1.563-1.563 4.094-1.563 5.656 0s1.563 4.094 0 5.656l-40 40c-.781.781-1.805 1.172-2.828 1.172z\"><\/path><\/svg><\/span><span class=\"jet-toggle__icon icon-active jet-tabs-icon\"><svg xmlns=\"http:\/\/www.w3.org\/2000\/svg\" id=\"Layer_1\" height=\"512\" viewbox=\"0 0 2000 2000\" width=\"512\"><g><g><path d=\"m1744 1436c-16.4 0-32.8-6.2-45.3-18.7l-698.7-698.8-698.7 698.7c-25 25-65.5 25-90.5 0s-25-65.5 0-90.5l744-744c25-25 65.5-25 90.5 0l744 744c25 25 25 65.5 0 90.5-12.5 12.6-28.9 18.8-45.3 18.8z\"><\/path><\/g><\/g><\/svg><\/span><\/div><h4 class=\"jet-toggle__label-text\">\u00c0 quelle distance de la plage se trouvent les logements de glamping ?<\/h4>\t\t\t\t\t\t\t<\/div>\n\t\t\t\t\t\t\t<div id=\"jet-toggle-content-1442\" class=\"jet-toggle__content\" data-toggle=\"2\" role=\"region\" data-template-id=\"false\">\n\t\t\t\t\t\t\t\t<div class=\"jet-toggle__content-inner\"><p>De nombreux objets de glamping se trouvent directement sur la plage ou \u00e0 quelques minutes \u00e0 pied. Qu'il s'agisse d'une plage de sable, de galets ou d'une rive de lac, la situation exacte est d\u00e9crite sur la page de chaque objet.<\/p><\/div>\n\t\t\t\t\t\t\t<\/div>\n\t\t\t\t\t\t<\/div><div class=\"jet-accordion__item jet-toggle jet-toggle-move-up-effect\">\n\t\t\t\t\t\t\t<div id=\"jet-toggle-control-1443\" class=\"jet-toggle__control elementor-menu-anchor\" data-toggle=\"3\" role=\"button\" tabindex=\"0\" aria-controls=\"jet-toggle-content-1443\" aria-expanded=\"false\" data-template-id=\"false\">\n\t\t\t\t\t\t\t\t<div class=\"jet-toggle__label-icon jet-toggle-icon-position-right\"><span class=\"jet-toggle__icon icon-normal jet-tabs-icon\"><svg xmlns=\"http:\/\/www.w3.org\/2000\/svg\" id=\"Layer_1\" height=\"512\" viewbox=\"0 0 128 128\" width=\"512\"><path id=\"Down_Arrow_3_\" d=\"m64 88c-1.023 0-2.047-.391-2.828-1.172l-40-40c-1.563-1.563-1.563-4.094 0-5.656s4.094-1.563 5.656 0l37.172 37.172 37.172-37.172c1.563-1.563 4.094-1.563 5.656 0s1.563 4.094 0 5.656l-40 40c-.781.781-1.805 1.172-2.828 1.172z\"><\/path><\/svg><\/span><span class=\"jet-toggle__icon icon-active jet-tabs-icon\"><svg xmlns=\"http:\/\/www.w3.org\/2000\/svg\" id=\"Layer_1\" height=\"512\" viewbox=\"0 0 2000 2000\" width=\"512\"><g><g><path d=\"m1744 1436c-16.4 0-32.8-6.2-45.3-18.7l-698.7-698.8-698.7 698.7c-25 25-65.5 25-90.5 0s-25-65.5 0-90.5l744-744c25-25 65.5-25 90.5 0l744 744c25 25 25 65.5 0 90.5-12.5 12.6-28.9 18.8-45.3 18.8z\"><\/path><\/g><\/g><\/svg><\/span><\/div><h4 class=\"jet-toggle__label-text\">Quels sont les types d'h\u00e9bergement disponibles pour le glamping \u00e0 la plage ?<\/h4>\t\t\t\t\t\t\t<\/div>\n\t\t\t\t\t\t\t<div id=\"jet-toggle-content-1443\" class=\"jet-toggle__content\" data-toggle=\"3\" role=\"region\" data-template-id=\"false\">\n\t\t\t\t\t\t\t\t<div class=\"jet-toggle__content-inner\"><p>En glamping sur la plage, tu trouveras des tentes safari, des lodges, des tiny houses, des bungalows ou des h\u00e9bergements particuliers comme des bulles ou des cabanes dans les arbres - souvent avec vue sur l'eau ou \u00e0 proximit\u00e9 imm\u00e9diate de la plage.<\/p><\/div>\n\t\t\t\t\t\t\t<\/div>\n\t\t\t\t\t\t<\/div><div class=\"jet-accordion__item jet-toggle jet-toggle-move-up-effect\">\n\t\t\t\t\t\t\t<div id=\"jet-toggle-control-1444\" class=\"jet-toggle__control elementor-menu-anchor\" data-toggle=\"4\" role=\"button\" tabindex=\"0\" aria-controls=\"jet-toggle-content-1444\" aria-expanded=\"false\" data-template-id=\"false\">\n\t\t\t\t\t\t\t\t<div class=\"jet-toggle__label-icon jet-toggle-icon-position-right\"><span class=\"jet-toggle__icon icon-normal jet-tabs-icon\"><svg xmlns=\"http:\/\/www.w3.org\/2000\/svg\" id=\"Layer_1\" height=\"512\" viewbox=\"0 0 128 128\" width=\"512\"><path id=\"Down_Arrow_3_\" d=\"m64 88c-1.023 0-2.047-.391-2.828-1.172l-40-40c-1.563-1.563-1.563-4.094 0-5.656s4.094-1.563 5.656 0l37.172 37.172 37.172-37.172c1.563-1.563 4.094-1.563 5.656 0s1.563 4.094 0 5.656l-40 40c-.781.781-1.805 1.172-2.828 1.172z\"><\/path><\/svg><\/span><span class=\"jet-toggle__icon icon-active jet-tabs-icon\"><svg xmlns=\"http:\/\/www.w3.org\/2000\/svg\" id=\"Layer_1\" height=\"512\" viewbox=\"0 0 2000 2000\" width=\"512\"><g><g><path d=\"m1744 1436c-16.4 0-32.8-6.2-45.3-18.7l-698.7-698.8-698.7 698.7c-25 25-65.5 25-90.5 0s-25-65.5 0-90.5l744-744c25-25 65.5-25 90.5 0l744 744c25 25 25 65.5 0 90.5-12.5 12.6-28.9 18.8-45.3 18.8z\"><\/path><\/g><\/g><\/svg><\/span><\/div><h4 class=\"jet-toggle__label-text\">Le glamping \u00e0 la plage est-il adapt\u00e9 aux familles ?<\/h4>\t\t\t\t\t\t\t<\/div>\n\t\t\t\t\t\t\t<div id=\"jet-toggle-content-1444\" class=\"jet-toggle__content\" data-toggle=\"4\" role=\"region\" data-template-id=\"false\">\n\t\t\t\t\t\t\t\t<div class=\"jet-toggle__content-inner\"><p>Oui, le glamping \u00e0 la plage est id\u00e9al pour les familles. De courtes distances jusqu'\u00e0 l'eau, beaucoup d'espace en plein air et des exp\u00e9riences proches de la nature rendent ce type de vacances particuli\u00e8rement adapt\u00e9 aux familles.<\/p><\/div>\n\t\t\t\t\t\t\t<\/div>\n\t\t\t\t\t\t<\/div><div class=\"jet-accordion__item jet-toggle jet-toggle-move-up-effect\">\n\t\t\t\t\t\t\t<div id=\"jet-toggle-control-1445\" class=\"jet-toggle__control elementor-menu-anchor\" data-toggle=\"5\" role=\"button\" tabindex=\"0\" aria-controls=\"jet-toggle-content-1445\" aria-expanded=\"false\" data-template-id=\"false\">\n\t\t\t\t\t\t\t\t<div class=\"jet-toggle__label-icon jet-toggle-icon-position-right\"><span class=\"jet-toggle__icon icon-normal jet-tabs-icon\"><svg xmlns=\"http:\/\/www.w3.org\/2000\/svg\" id=\"Layer_1\" height=\"512\" viewbox=\"0 0 128 128\" width=\"512\"><path id=\"Down_Arrow_3_\" d=\"m64 88c-1.023 0-2.047-.391-2.828-1.172l-40-40c-1.563-1.563-1.563-4.094 0-5.656s4.094-1.563 5.656 0l37.172 37.172 37.172-37.172c1.563-1.563 4.094-1.563 5.656 0s1.563 4.094 0 5.656l-40 40c-.781.781-1.805 1.172-2.828 1.172z\"><\/path><\/svg><\/span><span class=\"jet-toggle__icon icon-active jet-tabs-icon\"><svg xmlns=\"http:\/\/www.w3.org\/2000\/svg\" id=\"Layer_1\" height=\"512\" viewbox=\"0 0 2000 2000\" width=\"512\"><g><g><path d=\"m1744 1436c-16.4 0-32.8-6.2-45.3-18.7l-698.7-698.8-698.7 698.7c-25 25-65.5 25-90.5 0s-25-65.5 0-90.5l744-744c25-25 65.5-25 90.5 0l744 744c25 25 25 65.5 0 90.5-12.5 12.6-28.9 18.8-45.3 18.8z\"><\/path><\/g><\/g><\/svg><\/span><\/div><h4 class=\"jet-toggle__label-text\">Puis-je emmener mon chien en glamping sur la plage ?<\/h4>\t\t\t\t\t\t\t<\/div>\n\t\t\t\t\t\t\t<div id=\"jet-toggle-content-1445\" class=\"jet-toggle__content\" data-toggle=\"5\" role=\"region\" data-template-id=\"false\">\n\t\t\t\t\t\t\t\t<div class=\"jet-toggle__content-inner\"><p>Certains logements de glamping \u00e0 la plage acceptent les animaux domestiques. La question de savoir si les chiens sont admis d\u00e9pend de l'objet en question et est clairement indiqu\u00e9e dans les d\u00e9tails du logement.<br \/>Tu trouveras des h\u00e9bergements adapt\u00e9s <a href=\"https:\/\/glampingoase.com\/fr\/glampings\/?jsf=jet-engine:filter-propertie&amp;tax=surroundings:115&amp;meta=haustiere:ja\">ici<\/a>.<\/p><\/div>\n\t\t\t\t\t\t\t<\/div>\n\t\t\t\t\t\t<\/div><div class=\"jet-accordion__item jet-toggle jet-toggle-move-up-effect\">\n\t\t\t\t\t\t\t<div id=\"jet-toggle-control-1446\" class=\"jet-toggle__control elementor-menu-anchor\" data-toggle=\"6\" role=\"button\" tabindex=\"0\" aria-controls=\"jet-toggle-content-1446\" aria-expanded=\"false\" data-template-id=\"false\">\n\t\t\t\t\t\t\t\t<div class=\"jet-toggle__label-icon jet-toggle-icon-position-right\"><span class=\"jet-toggle__icon icon-normal jet-tabs-icon\"><svg xmlns=\"http:\/\/www.w3.org\/2000\/svg\" id=\"Layer_1\" height=\"512\" viewbox=\"0 0 128 128\" width=\"512\"><path id=\"Down_Arrow_3_\" d=\"m64 88c-1.023 0-2.047-.391-2.828-1.172l-40-40c-1.563-1.563-1.563-4.094 0-5.656s4.094-1.563 5.656 0l37.172 37.172 37.172-37.172c1.563-1.563 4.094-1.563 5.656 0s1.563 4.094 0 5.656l-40 40c-.781.781-1.805 1.172-2.828 1.172z\"><\/path><\/svg><\/span><span class=\"jet-toggle__icon icon-active jet-tabs-icon\"><svg xmlns=\"http:\/\/www.w3.org\/2000\/svg\" id=\"Layer_1\" height=\"512\" viewbox=\"0 0 2000 2000\" width=\"512\"><g><g><path d=\"m1744 1436c-16.4 0-32.8-6.2-45.3-18.7l-698.7-698.8-698.7 698.7c-25 25-65.5 25-90.5 0s-25-65.5 0-90.5l744-744c25-25 65.5-25 90.5 0l744 744c25 25 25 65.5 0 90.5-12.5 12.6-28.9 18.8-45.3 18.8z\"><\/path><\/g><\/g><\/svg><\/span><\/div><h4 class=\"jet-toggle__label-text\">Quelle est la meilleure p\u00e9riode pour faire du glamping \u00e0 la plage ?<\/h4>\t\t\t\t\t\t\t<\/div>\n\t\t\t\t\t\t\t<div id=\"jet-toggle-content-1446\" class=\"jet-toggle__content\" data-toggle=\"6\" role=\"region\" data-template-id=\"false\">\n\t\t\t\t\t\t\t\t<div class=\"jet-toggle__content-inner\"><p>La meilleure p\u00e9riode pour voyager d\u00e9pend de la r\u00e9gion. Le printemps et l'\u00e9t\u00e9 sont particuli\u00e8rement propices aux vacances baln\u00e9aires, tandis que la basse saison est souvent plus calme et offre des conditions id\u00e9ales pour les promenades et le repos.<\/p><\/div>\n\t\t\t\t\t\t\t<\/div>\n\t\t\t\t\t\t<\/div>\t\t\t<\/div>\n\t\t<\/div>\n\t\t\t\t\t\t<\/div>\n\t\t\t\t<\/div>\n\t\t\t\t<\/div>\n\t\t\t\t<\/div>","protected":false},"excerpt":{"rendered":"<p>Glamping am Strand Glamping am Strand verbindet das Beste aus zwei Welten: die entspannende N\u00e4he zum Wasser und komfortable Unterk\u00fcnfte mitten in der Natur. Ob stilvolles Safarizelt, modernes Tiny House oder luxuri\u00f6se Lodge \u2013 du genie\u00dft kurze Wege zum Strand, frische Luft und traumhafte Ausblicke, ohne auf Bequemlichkeit zu verzichten. Ideal f\u00fcr alle, die Ruhe, [&hellip;]<\/p>\n","protected":false},"author":6,"featured_media":0,"parent":0,"menu_order":0,"comment_status":"closed","ping_status":"closed","template":"","meta":{"footnotes":""},"class_list":["post-52924","page","type-page","status-publish","hentry"],"yoast_head":"<!-- This site is optimized with the Yoast SEO plugin v27.4 - https:\/\/yoast.com\/product\/yoast-seo-wordpress\/ -->\n<title>Glamping am Strand - glampingoase<\/title>\n<meta name=\"robots\" content=\"index, follow, max-snippet:-1, max-image-preview:large, max-video-preview:-1\" \/>\n<link rel=\"canonical\" href=\"https:\/\/glampingoase.com\/fr\/glamping-am-strand\/\" \/>\n<meta property=\"og:locale\" content=\"fr_FR\" \/>\n<meta property=\"og:type\" content=\"article\" \/>\n<meta property=\"og:title\" content=\"Glamping am Strand - glampingoase\" \/>\n<meta property=\"og:description\" content=\"Glamping am Strand Glamping am Strand verbindet das Beste aus zwei Welten: die entspannende N\u00e4he zum Wasser und komfortable Unterk\u00fcnfte mitten in der Natur. Ob stilvolles Safarizelt, modernes Tiny House oder luxuri\u00f6se Lodge \u2013 du genie\u00dft kurze Wege zum Strand, frische Luft und traumhafte Ausblicke, ohne auf Bequemlichkeit zu verzichten. Ideal f\u00fcr alle, die Ruhe, [&hellip;]\" \/>\n<meta property=\"og:url\" content=\"https:\/\/glampingoase.com\/fr\/glamping-am-strand\/\" \/>\n<meta property=\"og:site_name\" content=\"glampingoase\" \/>\n<meta property=\"article:publisher\" content=\"https:\/\/www.facebook.com\/share\/1DYMrTx4Sf\/\" \/>\n<meta property=\"article:modified_time\" content=\"2026-01-27T19:42:57+00:00\" \/>\n<meta name=\"twitter:card\" content=\"summary_large_image\" \/>\n<meta name=\"twitter:label1\" content=\"Dur\u00e9e de lecture estim\u00e9e\" \/>\n\t<meta name=\"twitter:data1\" content=\"2 minutes\" \/>\n<script type=\"application\/ld+json\" class=\"yoast-schema-graph\">{\"@context\":\"https:\\\/\\\/schema.org\",\"@graph\":[{\"@type\":\"WebPage\",\"@id\":\"https:\\\/\\\/glampingoase.com\\\/fr\\\/glamping-am-strand\\\/\",\"url\":\"https:\\\/\\\/glampingoase.com\\\/fr\\\/glamping-am-strand\\\/\",\"name\":\"Glamping am Strand - glampingoase\",\"isPartOf\":{\"@id\":\"https:\\\/\\\/glampingoase.com\\\/fr\\\/#website\"},\"datePublished\":\"2025-10-04T12:51:30+00:00\",\"dateModified\":\"2026-01-27T19:42:57+00:00\",\"breadcrumb\":{\"@id\":\"https:\\\/\\\/glampingoase.com\\\/fr\\\/glamping-am-strand\\\/#breadcrumb\"},\"inLanguage\":\"fr-FR\",\"potentialAction\":[{\"@type\":\"ReadAction\",\"target\":[\"https:\\\/\\\/glampingoase.com\\\/fr\\\/glamping-am-strand\\\/\"]}]},{\"@type\":\"BreadcrumbList\",\"@id\":\"https:\\\/\\\/glampingoase.com\\\/fr\\\/glamping-am-strand\\\/#breadcrumb\",\"itemListElement\":[{\"@type\":\"ListItem\",\"position\":1,\"name\":\"Startseite\",\"item\":\"https:\\\/\\\/glampingoase.com\\\/\"},{\"@type\":\"ListItem\",\"position\":2,\"name\":\"Glamping am Strand\"}]},{\"@type\":\"WebSite\",\"@id\":\"https:\\\/\\\/glampingoase.com\\\/fr\\\/#website\",\"url\":\"https:\\\/\\\/glampingoase.com\\\/fr\\\/\",\"name\":\"glampingoase\",\"description\":\"dein Portal f\u00fcr aussergew\u00f6hnliche Erlebnisse\",\"potentialAction\":[{\"@type\":\"SearchAction\",\"target\":{\"@type\":\"EntryPoint\",\"urlTemplate\":\"https:\\\/\\\/glampingoase.com\\\/fr\\\/?s={search_term_string}\"},\"query-input\":{\"@type\":\"PropertyValueSpecification\",\"valueRequired\":true,\"valueName\":\"search_term_string\"}}],\"inLanguage\":\"fr-FR\"}]}<\/script>\n<!-- \/ Yoast SEO plugin. -->","yoast_head_json":{"title":"Glamping am Strand - glampingoase","robots":{"index":"index","follow":"follow","max-snippet":"max-snippet:-1","max-image-preview":"max-image-preview:large","max-video-preview":"max-video-preview:-1"},"canonical":"https:\/\/glampingoase.com\/fr\/glamping-am-strand\/","og_locale":"fr_FR","og_type":"article","og_title":"Glamping am Strand - glampingoase","og_description":"Glamping am Strand Glamping am Strand verbindet das Beste aus zwei Welten: die entspannende N\u00e4he zum Wasser und komfortable Unterk\u00fcnfte mitten in der Natur. Ob stilvolles Safarizelt, modernes Tiny House oder luxuri\u00f6se Lodge \u2013 du genie\u00dft kurze Wege zum Strand, frische Luft und traumhafte Ausblicke, ohne auf Bequemlichkeit zu verzichten. Ideal f\u00fcr alle, die Ruhe, [&hellip;]","og_url":"https:\/\/glampingoase.com\/fr\/glamping-am-strand\/","og_site_name":"glampingoase","article_publisher":"https:\/\/www.facebook.com\/share\/1DYMrTx4Sf\/","article_modified_time":"2026-01-27T19:42:57+00:00","twitter_card":"summary_large_image","twitter_misc":{"Dur\u00e9e de lecture estim\u00e9e":"2 minutes"},"schema":{"@context":"https:\/\/schema.org","@graph":[{"@type":"WebPage","@id":"https:\/\/glampingoase.com\/fr\/glamping-am-strand\/","url":"https:\/\/glampingoase.com\/fr\/glamping-am-strand\/","name":"Glamping am Strand - glampingoase","isPartOf":{"@id":"https:\/\/glampingoase.com\/fr\/#website"},"datePublished":"2025-10-04T12:51:30+00:00","dateModified":"2026-01-27T19:42:57+00:00","breadcrumb":{"@id":"https:\/\/glampingoase.com\/fr\/glamping-am-strand\/#breadcrumb"},"inLanguage":"fr-FR","potentialAction":[{"@type":"ReadAction","target":["https:\/\/glampingoase.com\/fr\/glamping-am-strand\/"]}]},{"@type":"BreadcrumbList","@id":"https:\/\/glampingoase.com\/fr\/glamping-am-strand\/#breadcrumb","itemListElement":[{"@type":"ListItem","position":1,"name":"Startseite","item":"https:\/\/glampingoase.com\/"},{"@type":"ListItem","position":2,"name":"Glamping am Strand"}]},{"@type":"WebSite","@id":"https:\/\/glampingoase.com\/fr\/#website","url":"https:\/\/glampingoase.com\/fr\/","name":"glampingoase","description":"ton portail pour des exp\u00e9riences extraordinaires","potentialAction":[{"@type":"SearchAction","target":{"@type":"EntryPoint","urlTemplate":"https:\/\/glampingoase.com\/fr\/?s={search_term_string}"},"query-input":{"@type":"PropertyValueSpecification","valueRequired":true,"valueName":"search_term_string"}}],"inLanguage":"fr-FR"}]}},"_links":{"self":[{"href":"https:\/\/glampingoase.com\/fr\/wp-json\/wp\/v2\/pages\/52924","targetHints":{"allow":["GET"]}}],"collection":[{"href":"https:\/\/glampingoase.com\/fr\/wp-json\/wp\/v2\/pages"}],"about":[{"href":"https:\/\/glampingoase.com\/fr\/wp-json\/wp\/v2\/types\/page"}],"author":[{"embeddable":true,"href":"https:\/\/glampingoase.com\/fr\/wp-json\/wp\/v2\/users\/6"}],"replies":[{"embeddable":true,"href":"https:\/\/glampingoase.com\/fr\/wp-json\/wp\/v2\/comments?post=52924"}],"version-history":[{"count":25,"href":"https:\/\/glampingoase.com\/fr\/wp-json\/wp\/v2\/pages\/52924\/revisions"}],"predecessor-version":[{"id":73997,"href":"https:\/\/glampingoase.com\/fr\/wp-json\/wp\/v2\/pages\/52924\/revisions\/73997"}],"wp:attachment":[{"href":"https:\/\/glampingoase.com\/fr\/wp-json\/wp\/v2\/media?parent=52924"}],"curies":[{"name":"wp","href":"https:\/\/api.w.org\/{rel}","templated":true}]}}