{"id":50219,"date":"2025-09-28T19:02:42","date_gmt":"2025-09-28T17:02:42","guid":{"rendered":"https:\/\/glampingoase.com\/?page_id=50219"},"modified":"2026-01-27T20:51:06","modified_gmt":"2026-01-27T19:51:06","slug":"glamping-mit-haustier","status":"publish","type":"page","link":"https:\/\/glampingoase.com\/fr\/glamping-mit-haustier\/","title":{"rendered":"Glamping avec animal de compagnie"},"content":{"rendered":"<div data-elementor-type=\"wp-page\" data-elementor-id=\"50219\" class=\"elementor elementor-50219\" data-elementor-post-type=\"page\">\n\t\t\t\t<div class=\"elementor-element elementor-element-73990db e-con-full e-flex e-con e-child\" data-id=\"73990db\" data-element_type=\"container\" data-e-type=\"container\" data-settings=\"{&quot;jet_parallax_layout_list&quot;:[]}\">\n\t\t\t\t<div class=\"elementor-element elementor-element-21da7cb elementor-widget elementor-widget-heading\" data-id=\"21da7cb\" data-element_type=\"widget\" data-e-type=\"widget\" data-widget_type=\"heading.default\">\n\t\t\t\t\t<h2 class=\"elementor-heading-title elementor-size-default\">Glamping avec animal de compagnie<\/h2>\t\t\t\t<\/div>\n\t\t\t\t<div class=\"elementor-element elementor-element-80f783e elementor-widget elementor-widget-text-editor\" data-id=\"80f783e\" data-element_type=\"widget\" data-e-type=\"widget\" data-widget_type=\"text-editor.default\">\n\t\t\t\t\t\t\t\t\t<p>Des vacances sans animal de compagnie ? Pour beaucoup, c'est inimaginable. Le glamping avec animal de compagnie te permet de profiter d'un h\u00e9bergement confortable au c\u0153ur de la nature - avec ton compagnon animal. Au lieu de chambres d'h\u00f4tel \u00e9troites, des objets de glamping spacieux t'attendent avec un espace d'exercice, un emplacement calme et de nombreuses possibilit\u00e9s de promenade directement devant la porte. Ainsi, les vacances seront d\u00e9tendues, simples et inoubliables pour tous.<\/p>\t\t\t\t\t\t\t\t<\/div>\n\t\t\t\t<div class=\"elementor-element elementor-element-26ddd42 elementor-widget elementor-widget-heading\" data-id=\"26ddd42\" data-element_type=\"widget\" data-e-type=\"widget\" data-widget_type=\"heading.default\">\n\t\t\t\t\t<h3 class=\"elementor-heading-title elementor-size-default\">Logements s\u00e9lectionn\u00e9s o\u00f9 les animaux domestiques sont accept\u00e9s<\/h3>\t\t\t\t<\/div>\n\t\t\t\t<div class=\"elementor-element elementor-element-29f6655 elementor-widget elementor-widget-jet-listing-grid\" data-id=\"29f6655\" data-element_type=\"widget\" data-e-type=\"widget\" data-settings=\"{&quot;columns&quot;:&quot;3&quot;,&quot;columns_tablet&quot;:&quot;1&quot;,&quot;columns_mobile&quot;:&quot;1&quot;}\" data-widget_type=\"jet-listing-grid.default\">\n\t\t\t\t\t<div class=\"jet-listing-grid jet-listing-grid--lazy-load jet-listing jet-listing-grid-loading\" data-lazy-load=\"{&quot;offset&quot;:&quot;0px&quot;,&quot;post_id&quot;:50219,&quot;queried_id&quot;:&quot;50219|WP_Post&quot;}\"><div class=\"jet-listing-grid__loader\"><div class=\"jet-listing-grid__loader-spinner\"><\/div><\/div><\/div>\t\t\t\t<\/div>\n\t\t\t\t<div class=\"elementor-element elementor-element-04acf63 elementor-align-center elementor-widget elementor-widget-button\" data-id=\"04acf63\" data-element_type=\"widget\" data-e-type=\"widget\" data-widget_type=\"button.default\">\n\t\t\t\t\t\t\t\t\t\t<a class=\"elementor-button elementor-button-link elementor-size-sm\" href=\"https:\/\/glampingoase.com\/fr\/glampings\/?jsf=jet-engine:8&#038;meta=haustiere:ja\">\n\t\t\t\t\t\t<span class=\"elementor-button-content-wrapper\">\n\t\t\t\t\t\t\t\t\t<span class=\"elementor-button-text\">Vers tous les h\u00e9bergements acceptant les animaux domestiques<\/span>\n\t\t\t\t\t<\/span>\n\t\t\t\t\t<\/a>\n\t\t\t\t\t\t\t\t<\/div>\n\t\t\t\t<div class=\"elementor-element elementor-element-5edf233 elementor-widget elementor-widget-text-editor\" data-id=\"5edf233\" data-element_type=\"widget\" data-e-type=\"widget\" data-widget_type=\"text-editor.default\">\n\t\t\t\t\t\t\t\t\t<p data-start=\"1254\" data-end=\"1584\">Beaucoup de nos h\u00e9bergements adapt\u00e9s au glamping accueillent express\u00e9ment les chiens, les chats ou autres animaux domestiques. Qu'il s'agisse d'une terrasse cl\u00f4tur\u00e9e, d'un emplacement proche de la nature ou de plages et de sentiers de randonn\u00e9e adapt\u00e9s aux chiens dans les environs, tu trouveras ici des exp\u00e9riences de glamping o\u00f9 ton animal de compagnie n'est pas seulement autoris\u00e9, mais vraiment bienvenu.<\/p><p data-start=\"1589\" data-end=\"1645\">Les glampings acceptant les animaux domestiques sont particuli\u00e8rement populaires \u00e0 :<\/p><ul data-start=\"1650\" data-end=\"1804\"><li data-start=\"1650\" data-end=\"1690\"><p data-start=\"1652\" data-end=\"1690\">des r\u00e9gions proches de la nature avec beaucoup d'exercice<\/p><\/li><li data-start=\"1693\" data-end=\"1750\"><p data-start=\"1695\" data-end=\"1750\">des campings tranquilles \u00e0 l'\u00e9cart des grands flux touristiques<\/p><\/li><li data-start=\"1753\" data-end=\"1802\"><p data-start=\"1755\" data-end=\"1802\">Logements avec terrasse ou jardin priv\u00e9<\/p><\/li><\/ul><p data-start=\"1807\" data-end=\"1948\">Tu peux ainsi organiser tes vacances de mani\u00e8re flexible sans renoncer au confort - et ton animal de compagnie profitera autant que toi de ce temps pass\u00e9 ensemble.<\/p><p data-start=\"1807\" data-end=\"1948\">Tu trouveras tous les h\u00e9bergements de glamping acceptant les animaux domestiques <a href=\"https:\/\/glampingoase.com\/fr\/glampings\/?jsf=jet-engine:8&amp;meta=haustiere:ja\">ici<\/a>.<\/p>\t\t\t\t\t\t\t\t<\/div>\n\t\t\t\t<div class=\"elementor-element elementor-element-0f72cf5 elementor-widget elementor-widget-jet-accordion\" data-id=\"0f72cf5\" data-element_type=\"widget\" data-e-type=\"widget\" data-widget_type=\"jet-accordion.default\">\n\t\t\t\t<div class=\"elementor-widget-container\">\n\t\t\t\t\t\t\t\t\t<div class=\"jet-accordion\" data-settings=\"{&quot;collapsible&quot;:true,&quot;ajaxTemplate&quot;:false,&quot;switchScrolling&quot;:false,&quot;switchScrollingTablet&quot;:false,&quot;switchScrollingMobile&quot;:false,&quot;switchScrollingOffset&quot;:{&quot;size&quot;:0,&quot;unit&quot;:&quot;px&quot;},&quot;switchScrollingOffsetTablet&quot;:{&quot;size&quot;:0,&quot;unit&quot;:&quot;px&quot;},&quot;switchScrollingOffsetMobile&quot;:{&quot;size&quot;:0,&quot;unit&quot;:&quot;px&quot;},&quot;switchScrollingDelay&quot;:500,&quot;switchScrollingDelayTablet&quot;:500,&quot;switchScrollingDelayMobile&quot;:500}\">\n\t\t\t<div class=\"jet-accordion__inner\">\n\t\t\t\t<div class=\"jet-accordion__item jet-toggle jet-toggle-move-up-effect\">\n\t\t\t\t\t\t\t<div id=\"jet-toggle-control-1611\" class=\"jet-toggle__control elementor-menu-anchor\" data-toggle=\"1\" role=\"button\" tabindex=\"0\" aria-controls=\"jet-toggle-content-1611\" aria-expanded=\"false\" data-template-id=\"false\">\n\t\t\t\t\t\t\t\t<div class=\"jet-toggle__label-icon jet-toggle-icon-position-right\"><span class=\"jet-toggle__icon icon-normal jet-tabs-icon\"><svg xmlns=\"http:\/\/www.w3.org\/2000\/svg\" id=\"Layer_1\" height=\"512\" viewbox=\"0 0 128 128\" width=\"512\"><path id=\"Down_Arrow_3_\" d=\"m64 88c-1.023 0-2.047-.391-2.828-1.172l-40-40c-1.563-1.563-1.563-4.094 0-5.656s4.094-1.563 5.656 0l37.172 37.172 37.172-37.172c1.563-1.563 4.094-1.563 5.656 0s1.563 4.094 0 5.656l-40 40c-.781.781-1.805 1.172-2.828 1.172z\"><\/path><\/svg><\/span><span class=\"jet-toggle__icon icon-active jet-tabs-icon\"><svg xmlns=\"http:\/\/www.w3.org\/2000\/svg\" id=\"Layer_1\" height=\"512\" viewbox=\"0 0 2000 2000\" width=\"512\"><g><g><path d=\"m1744 1436c-16.4 0-32.8-6.2-45.3-18.7l-698.7-698.8-698.7 698.7c-25 25-65.5 25-90.5 0s-25-65.5 0-90.5l744-744c25-25 65.5-25 90.5 0l744 744c25 25 25 65.5 0 90.5-12.5 12.6-28.9 18.8-45.3 18.8z\"><\/path><\/g><\/g><\/svg><\/span><\/div><h4 class=\"jet-toggle__label-text\">Les animaux domestiques sont-ils autoris\u00e9s dans tous les h\u00e9bergements de Glamping ?<\/h4>\t\t\t\t\t\t\t<\/div>\n\t\t\t\t\t\t\t<div id=\"jet-toggle-content-1611\" class=\"jet-toggle__content\" data-toggle=\"1\" role=\"region\" data-template-id=\"false\">\n\t\t\t\t\t\t\t\t<div class=\"jet-toggle__content-inner\"><p>Non, les r\u00e8gles varient selon les logements. Toutefois, les animaux sont express\u00e9ment autoris\u00e9s dans nos glampings acceptant les animaux domestiques.<\/p><\/div>\n\t\t\t\t\t\t\t<\/div>\n\t\t\t\t\t\t<\/div><div class=\"jet-accordion__item jet-toggle jet-toggle-move-up-effect\">\n\t\t\t\t\t\t\t<div id=\"jet-toggle-control-1612\" class=\"jet-toggle__control elementor-menu-anchor\" data-toggle=\"2\" role=\"button\" tabindex=\"0\" aria-controls=\"jet-toggle-content-1612\" aria-expanded=\"false\" data-template-id=\"false\">\n\t\t\t\t\t\t\t\t<div class=\"jet-toggle__label-icon jet-toggle-icon-position-right\"><span class=\"jet-toggle__icon icon-normal jet-tabs-icon\"><svg xmlns=\"http:\/\/www.w3.org\/2000\/svg\" id=\"Layer_1\" height=\"512\" viewbox=\"0 0 128 128\" width=\"512\"><path id=\"Down_Arrow_3_\" d=\"m64 88c-1.023 0-2.047-.391-2.828-1.172l-40-40c-1.563-1.563-1.563-4.094 0-5.656s4.094-1.563 5.656 0l37.172 37.172 37.172-37.172c1.563-1.563 4.094-1.563 5.656 0s1.563 4.094 0 5.656l-40 40c-.781.781-1.805 1.172-2.828 1.172z\"><\/path><\/svg><\/span><span class=\"jet-toggle__icon icon-active jet-tabs-icon\"><svg xmlns=\"http:\/\/www.w3.org\/2000\/svg\" id=\"Layer_1\" height=\"512\" viewbox=\"0 0 2000 2000\" width=\"512\"><g><g><path d=\"m1744 1436c-16.4 0-32.8-6.2-45.3-18.7l-698.7-698.8-698.7 698.7c-25 25-65.5 25-90.5 0s-25-65.5 0-90.5l744-744c25-25 65.5-25 90.5 0l744 744c25 25 25 65.5 0 90.5-12.5 12.6-28.9 18.8-45.3 18.8z\"><\/path><\/g><\/g><\/svg><\/span><\/div><h4 class=\"jet-toggle__label-text\">Y a-t-il des frais suppl\u00e9mentaires pour les animaux domestiques ?<\/h4>\t\t\t\t\t\t\t<\/div>\n\t\t\t\t\t\t\t<div id=\"jet-toggle-content-1612\" class=\"jet-toggle__content\" data-toggle=\"2\" role=\"region\" data-template-id=\"false\">\n\t\t\t\t\t\t\t\t<div class=\"jet-toggle__content-inner\"><p>En partie, oui. Certains prestataires demandent un petit suppl\u00e9ment pour le nettoyage final ou par nuit.<\/p><\/div>\n\t\t\t\t\t\t\t<\/div>\n\t\t\t\t\t\t<\/div>\t\t\t<\/div>\n\t\t<\/div>\n\t\t\t\t\t\t<\/div>\n\t\t\t\t<\/div>\n\t\t\t\t<\/div>\n\t\t\t\t<\/div>","protected":false},"excerpt":{"rendered":"<p>Glamping mit Haustier Urlaub ohne Haustier? F\u00fcr viele unvorstellbar. Beim Glamping mit Haustier genie\u00dft du komfortable Unterk\u00fcnfte mitten in der Natur \u2013 gemeinsam mit deinem tierischen Begleiter. Statt enger Hotelzimmer erwarten dich gro\u00dfz\u00fcgige Glamping-Objekte mit Auslauf, ruhiger Lage und zahlreichen Spazierm\u00f6glichkeiten direkt vor der T\u00fcr. So wird der Urlaub f\u00fcr alle entspannt, unkompliziert und unvergesslich. [&hellip;]<\/p>\n","protected":false},"author":6,"featured_media":0,"parent":0,"menu_order":0,"comment_status":"closed","ping_status":"closed","template":"","meta":{"footnotes":""},"class_list":["post-50219","page","type-page","status-publish","hentry"],"yoast_head":"<!-- This site is optimized with the Yoast SEO plugin v27.5 - https:\/\/yoast.com\/product\/yoast-seo-wordpress\/ -->\n<title>Glamping mit Haustier - glampingoase<\/title>\n<meta name=\"description\" content=\"Urlaub mit Haustier? Beim Glamping genie\u00dft du komfortable Unterk\u00fcnfte in der Natur \u2013 haustierfreundlich, entspannt &amp; ideal f\u00fcr gemeinsame Auszeiten.\" \/>\n<meta name=\"robots\" content=\"index, follow, max-snippet:-1, max-image-preview:large, max-video-preview:-1\" \/>\n<link rel=\"canonical\" href=\"https:\/\/glampingoase.com\/fr\/glamping-mit-haustier\/\" \/>\n<meta property=\"og:locale\" content=\"fr_FR\" \/>\n<meta property=\"og:type\" content=\"article\" \/>\n<meta property=\"og:title\" content=\"Glamping mit Haustier - glampingoase\" \/>\n<meta property=\"og:description\" content=\"Urlaub mit Haustier? Beim Glamping genie\u00dft du komfortable Unterk\u00fcnfte in der Natur \u2013 haustierfreundlich, entspannt &amp; ideal f\u00fcr gemeinsame Auszeiten.\" \/>\n<meta property=\"og:url\" content=\"https:\/\/glampingoase.com\/fr\/glamping-mit-haustier\/\" \/>\n<meta property=\"og:site_name\" content=\"glampingoase\" \/>\n<meta property=\"article:publisher\" content=\"https:\/\/www.facebook.com\/share\/1DYMrTx4Sf\/\" \/>\n<meta property=\"article:modified_time\" content=\"2026-01-27T19:51:06+00:00\" \/>\n<meta name=\"twitter:card\" content=\"summary_large_image\" \/>\n<meta name=\"twitter:label1\" content=\"Dur\u00e9e de lecture estim\u00e9e\" \/>\n\t<meta name=\"twitter:data1\" content=\"1 minute\" \/>\n<script type=\"application\/ld+json\" class=\"yoast-schema-graph\">{\"@context\":\"https:\\\/\\\/schema.org\",\"@graph\":[{\"@type\":\"WebPage\",\"@id\":\"https:\\\/\\\/glampingoase.com\\\/fr\\\/glamping-mit-haustier\\\/\",\"url\":\"https:\\\/\\\/glampingoase.com\\\/fr\\\/glamping-mit-haustier\\\/\",\"name\":\"Glamping mit Haustier - glampingoase\",\"isPartOf\":{\"@id\":\"https:\\\/\\\/glampingoase.com\\\/fr\\\/#website\"},\"datePublished\":\"2025-09-28T17:02:42+00:00\",\"dateModified\":\"2026-01-27T19:51:06+00:00\",\"description\":\"Urlaub mit Haustier? Beim Glamping genie\u00dft du komfortable Unterk\u00fcnfte in der Natur \u2013 haustierfreundlich, entspannt & ideal f\u00fcr gemeinsame Auszeiten.\",\"breadcrumb\":{\"@id\":\"https:\\\/\\\/glampingoase.com\\\/fr\\\/glamping-mit-haustier\\\/#breadcrumb\"},\"inLanguage\":\"fr-FR\",\"potentialAction\":[{\"@type\":\"ReadAction\",\"target\":[\"https:\\\/\\\/glampingoase.com\\\/fr\\\/glamping-mit-haustier\\\/\"]}]},{\"@type\":\"BreadcrumbList\",\"@id\":\"https:\\\/\\\/glampingoase.com\\\/fr\\\/glamping-mit-haustier\\\/#breadcrumb\",\"itemListElement\":[{\"@type\":\"ListItem\",\"position\":1,\"name\":\"Startseite\",\"item\":\"https:\\\/\\\/glampingoase.com\\\/\"},{\"@type\":\"ListItem\",\"position\":2,\"name\":\"Glamping mit Haustier\"}]},{\"@type\":\"WebSite\",\"@id\":\"https:\\\/\\\/glampingoase.com\\\/fr\\\/#website\",\"url\":\"https:\\\/\\\/glampingoase.com\\\/fr\\\/\",\"name\":\"glampingoase\",\"description\":\"dein Portal f\u00fcr aussergew\u00f6hnliche Erlebnisse\",\"potentialAction\":[{\"@type\":\"SearchAction\",\"target\":{\"@type\":\"EntryPoint\",\"urlTemplate\":\"https:\\\/\\\/glampingoase.com\\\/fr\\\/?s={search_term_string}\"},\"query-input\":{\"@type\":\"PropertyValueSpecification\",\"valueRequired\":true,\"valueName\":\"search_term_string\"}}],\"inLanguage\":\"fr-FR\"}]}<\/script>\n<!-- \/ Yoast SEO plugin. -->","yoast_head_json":{"title":"Glamping mit Haustier - glampingoase","description":"Urlaub mit Haustier? Beim Glamping genie\u00dft du komfortable Unterk\u00fcnfte in der Natur \u2013 haustierfreundlich, entspannt & ideal f\u00fcr gemeinsame Auszeiten.","robots":{"index":"index","follow":"follow","max-snippet":"max-snippet:-1","max-image-preview":"max-image-preview:large","max-video-preview":"max-video-preview:-1"},"canonical":"https:\/\/glampingoase.com\/fr\/glamping-mit-haustier\/","og_locale":"fr_FR","og_type":"article","og_title":"Glamping mit Haustier - glampingoase","og_description":"Urlaub mit Haustier? Beim Glamping genie\u00dft du komfortable Unterk\u00fcnfte in der Natur \u2013 haustierfreundlich, entspannt & ideal f\u00fcr gemeinsame Auszeiten.","og_url":"https:\/\/glampingoase.com\/fr\/glamping-mit-haustier\/","og_site_name":"glampingoase","article_publisher":"https:\/\/www.facebook.com\/share\/1DYMrTx4Sf\/","article_modified_time":"2026-01-27T19:51:06+00:00","twitter_card":"summary_large_image","twitter_misc":{"Dur\u00e9e de lecture estim\u00e9e":"1 minute"},"schema":{"@context":"https:\/\/schema.org","@graph":[{"@type":"WebPage","@id":"https:\/\/glampingoase.com\/fr\/glamping-mit-haustier\/","url":"https:\/\/glampingoase.com\/fr\/glamping-mit-haustier\/","name":"Glamping mit Haustier - glampingoase","isPartOf":{"@id":"https:\/\/glampingoase.com\/fr\/#website"},"datePublished":"2025-09-28T17:02:42+00:00","dateModified":"2026-01-27T19:51:06+00:00","description":"Urlaub mit Haustier? Beim Glamping genie\u00dft du komfortable Unterk\u00fcnfte in der Natur \u2013 haustierfreundlich, entspannt & ideal f\u00fcr gemeinsame Auszeiten.","breadcrumb":{"@id":"https:\/\/glampingoase.com\/fr\/glamping-mit-haustier\/#breadcrumb"},"inLanguage":"fr-FR","potentialAction":[{"@type":"ReadAction","target":["https:\/\/glampingoase.com\/fr\/glamping-mit-haustier\/"]}]},{"@type":"BreadcrumbList","@id":"https:\/\/glampingoase.com\/fr\/glamping-mit-haustier\/#breadcrumb","itemListElement":[{"@type":"ListItem","position":1,"name":"Startseite","item":"https:\/\/glampingoase.com\/"},{"@type":"ListItem","position":2,"name":"Glamping mit Haustier"}]},{"@type":"WebSite","@id":"https:\/\/glampingoase.com\/fr\/#website","url":"https:\/\/glampingoase.com\/fr\/","name":"glampingoase","description":"ton portail pour des exp\u00e9riences extraordinaires","potentialAction":[{"@type":"SearchAction","target":{"@type":"EntryPoint","urlTemplate":"https:\/\/glampingoase.com\/fr\/?s={search_term_string}"},"query-input":{"@type":"PropertyValueSpecification","valueRequired":true,"valueName":"search_term_string"}}],"inLanguage":"fr-FR"}]}},"_links":{"self":[{"href":"https:\/\/glampingoase.com\/fr\/wp-json\/wp\/v2\/pages\/50219","targetHints":{"allow":["GET"]}}],"collection":[{"href":"https:\/\/glampingoase.com\/fr\/wp-json\/wp\/v2\/pages"}],"about":[{"href":"https:\/\/glampingoase.com\/fr\/wp-json\/wp\/v2\/types\/page"}],"author":[{"embeddable":true,"href":"https:\/\/glampingoase.com\/fr\/wp-json\/wp\/v2\/users\/6"}],"replies":[{"embeddable":true,"href":"https:\/\/glampingoase.com\/fr\/wp-json\/wp\/v2\/comments?post=50219"}],"version-history":[{"count":67,"href":"https:\/\/glampingoase.com\/fr\/wp-json\/wp\/v2\/pages\/50219\/revisions"}],"predecessor-version":[{"id":74006,"href":"https:\/\/glampingoase.com\/fr\/wp-json\/wp\/v2\/pages\/50219\/revisions\/74006"}],"wp:attachment":[{"href":"https:\/\/glampingoase.com\/fr\/wp-json\/wp\/v2\/media?parent=50219"}],"curies":[{"name":"wp","href":"https:\/\/api.w.org\/{rel}","templated":true}]}}