{"id":2880,"date":"2025-03-15T22:48:28","date_gmt":"2025-03-15T21:48:28","guid":{"rendered":"https:\/\/romantic-mendeleev.85-215-221-128.plesk.page\/?page_id=2880"},"modified":"2025-04-02T16:08:58","modified_gmt":"2025-04-02T14:08:58","slug":"nutzungsbedingungen","status":"publish","type":"page","link":"https:\/\/glampingoase.com\/fr\/nutzungsbedingungen\/","title":{"rendered":"Conditions d'utilisation"},"content":{"rendered":"<div data-elementor-type=\"wp-page\" data-elementor-id=\"2880\" class=\"elementor elementor-2880\" data-elementor-post-type=\"page\">\n\t\t\t\t<div class=\"elementor-element elementor-element-205a40b e-flex e-con-boxed e-con e-parent\" data-id=\"205a40b\" data-element_type=\"container\" data-e-type=\"container\" data-settings=\"{&quot;jet_parallax_layout_list&quot;:[]}\">\n\t\t\t\t\t<div class=\"e-con-inner\">\n\t\t\t\t<div class=\"elementor-element elementor-element-d872723 elementor-widget elementor-widget-heading\" data-id=\"d872723\" data-element_type=\"widget\" data-e-type=\"widget\" data-widget_type=\"heading.default\">\n\t\t\t\t\t<h1 class=\"elementor-heading-title elementor-size-default\">Conditions d'utilisation<\/h1>\t\t\t\t<\/div>\n\t\t\t\t<div class=\"elementor-element elementor-element-cd7dc86 elementor-widget__width-inherit elementor-widget elementor-widget-text-editor\" data-id=\"cd7dc86\" data-element_type=\"widget\" data-e-type=\"widget\" data-widget_type=\"text-editor.default\">\n\t\t\t\t\t\t\t\t\t<p>Veuillez prendre connaissance des conditions d'utilisation suivantes de glampingoase GmbH, qui fait office d'exploitant de cette plate-forme en ligne.<\/p>\n\n<b>1. g\u00e9n\u00e9ralit\u00e9s<\/b>\n<p>\n    <span>1.1 La soci\u00e9t\u00e9 glampingoase GmbH, dont le si\u00e8ge se trouve \u00e0 Breechliweg 3, 5102 Rupperswil, exploite une plate-forme Internet et de marketing sous diff\u00e9rents domaines, qui pr\u00e9sentent et exposent notamment des possibilit\u00e9s d'h\u00e9bergement dans des objets glamping.<\/span>\n<\/p>\n<p>\n    <span>1.2 En utilisant le site web de glampingoase GmbH, l'utilisateur confirme qu'il a lu, compris et accept\u00e9 les conditions d'utilisation, y compris la d\u00e9claration de confidentialit\u00e9.<\/span>\n<\/p>\n<p>\n    <span>1.3 Les offres d'h\u00e9bergement pr\u00e9sent\u00e9es sur la plate-forme proviennent exclusivement de tiers. Les utilisateurs peuvent rechercher des offres via la plateforme et sont redirig\u00e9s vers le site web du fournisseur concern\u00e9 afin d'y faire des demandes ou des r\u00e9servations. glampingoase GmbH agit alors uniquement en tant qu'interm\u00e9diaire. Un contrat direct entre l'utilisateur et glampingoase GmbH n'est pas conclu. En outre, aucun voyage \u00e0 forfait ou prestations de voyage y aff\u00e9rentes n'est n\u00e9goci\u00e9. Les r\u00e9servations et les contrats sont conclus exclusivement par le biais du site partenaire du fournisseur. Les demandes d'offres sont transmises directement au fournisseur.<\/span>\n<\/p>\n<p>\n    <span>1.4 En cas de r\u00e9clamation ou de manquement, l'utilisateur doit s'adresser directement au prestataire aupr\u00e8s duquel la r\u00e9servation a \u00e9t\u00e9 effectu\u00e9e. Celui-ci est responsable du traitement de la r\u00e9clamation, car le contrat est conclu directement entre l'utilisateur et le fournisseur. Toute r\u00e9clamation \u00e0 l'encontre de glampingoase GmbH est exclue. Tous les droits d\u00e9coulant de ce contrat doivent \u00eatre exerc\u00e9s directement aupr\u00e8s du fournisseur tiers. Les r\u00e9servations ne sont autoris\u00e9es que pour les personnes \u00e2g\u00e9es de 18 ans ou plus.<\/span>\n<\/p>\n<p>\n    <span>1.5 Les pr\u00e9sentes conditions d'utilisation s'appliquent exclusivement dans la version en vigueur au moment de l'acc\u00e8s. La plate-forme ne peut \u00eatre utilis\u00e9e qu'\u00e0 des fins personnelles. L'utilisation de la plate-forme pour des activit\u00e9s abusives ou frauduleuses est interdite.<\/span>\n<\/p>\n<p>\n    <span>1.6 glampingoase GmbH se r\u00e9serve le droit d'exclure les utilisateurs de l'acc\u00e8s \u00e0 la plateforme dans certains cas, notamment lorsque<\/span>\n    <ul>\n        <li><span>l'utilisation va au-del\u00e0 de l'usage personnel<\/span><\/li>\n        <li><span>des syst\u00e8mes ou logiciels automatis\u00e9s sont utilis\u00e9s pour la collecte de donn\u00e9es. Peu importe que ce soit \u00e0 des fins commerciales ou non.<\/span><\/li>\n        <li><span>Les restrictions existantes pour l'acc\u00e8s \u00e0 la plateforme peuvent \u00eatre contourn\u00e9es.<\/span><\/li>\n        <li><span>des appareils ou des logiciels sont utilis\u00e9s qui entravent la fonctionnalit\u00e9 de la plate-forme<\/span><\/li>\n        <li><span>des actions sont entreprises qui provoquent une charge excessive sur les serveurs ou le r\u00e9seau du fournisseur.<\/span><\/li>\n    <\/ul>\n<\/p>\n\n<b>2. prestations de glampingoase GmbH<\/b>\n<p>\n    <span>2.1 En tant que prestataire de services techniques, glampingoase GmbH propose une fonction de recherche pour les offres d'h\u00e9bergement, en particulier dans le domaine du glamping. Une fois la recherche effectu\u00e9e, les utilisateurs sont redirig\u00e9s vers les sites web des prestataires afin de conclure directement des contrats. glampingoase GmbH ne met pas ses propres offres \u00e0 disposition.<\/span>\n<\/p>\n<p>\n    <span>2.2 L'utilisation de la plate-forme est g\u00e9n\u00e9ralement gratuite, sauf indication contraire. Des frais de service peuvent s'appliquer \u00e0 certaines offres.<\/span>\n<\/p>\n<p>\n    <span>2.3 La pr\u00e9sentation et l'ordre des r\u00e9sultats de recherche sont bas\u00e9s sur les crit\u00e8res de recherche saisis par les utilisateurs, tels que la destination, le prix, le nombre de voyageurs ainsi que le type et l'\u00e9quipement de l'h\u00e9bergement. Afin d'am\u00e9liorer la convivialit\u00e9, le nombre de r\u00e9sultats affich\u00e9s peut \u00eatre limit\u00e9 en cas de r\u00e9sultats trop nombreux.<\/span>\n<\/p>\n<p>\n    <span>2.5 glampingoase GmbH a le droit de faire appel \u00e0 des tiers pour la fourniture de services.<\/span>\n<\/p>\n<p>\n    <span>2.6 L'acc\u00e8s \u00e0 la plate-forme peut \u00eatre temporairement d\u00e9sactiv\u00e9 ou limit\u00e9 pour des raisons de maintenance ou autres. Les utilisateurs ne peuvent pas pr\u00e9tendre \u00e0 une disponibilit\u00e9 permanente de la plate-forme.<\/span>\n<\/p>\n\n<b>3. relations contractuelles et ex\u00e9cution<\/b>\n<p>\n    <span>3.1 Les contrats de r\u00e9servation ou de location de logements sont conclus exclusivement entre le fournisseur respectif et l'utilisateur. La soci\u00e9t\u00e9 glampingoase GmbH ne fait pas partie de ces accords contractuels. Les conditions contractuelles du fournisseur sont d\u00e9terminantes, en particulier en ce qui concerne les droits de r\u00e9tractation et d'annulation. Les utilisateurs doivent accepter les conditions g\u00e9n\u00e9rales du fournisseur avant de proc\u00e9der \u00e0 la r\u00e9servation.<\/span>\n<\/p>\n<p>\n    <span>3.2. les litiges relatifs au traitement des paiements doivent \u00eatre r\u00e9gl\u00e9s directement avec le fournisseur.<\/span>\n<\/p>\n<p>\n    <span>3.3 Les pr\u00e9sentes conditions contractuelles s'appliquent \u00e9galement si des frais de service non remboursables s'appliquent et si glampingoase GmbH collecte des donn\u00e9es d'utilisateur afin d'effectuer une r\u00e9servation.<\/span>\n<\/p>\n<p>\n    <span>3.4 Afin d'\u00e9viter les abus ou les fraudes, des contr\u00f4les d'identit\u00e9 peuvent \u00eatre effectu\u00e9s pour certains modes de paiement.<\/span>\n<\/p>\n\n<b>4. prix<\/b>\n<p>\n    <span>4.1 Les prix indiqu\u00e9s dans les offres sont fix\u00e9s par les fournisseurs. glampingoase GmbH n'est pas responsable de l'exactitude de ces informations. Les utilisateurs doivent v\u00e9rifier les d\u00e9tails sur le site web du fournisseur avant de r\u00e9server.<\/span>\n<\/p>\n<p>\n    <span>4.2 Les prix indiqu\u00e9s sont des prix finaux et se rapportent en g\u00e9n\u00e9ral \u00e0 des nuit\u00e9es, \u00e9ventuellement major\u00e9s d'autres frais. Les utilisateurs peuvent adapter l'affichage des prix en fonction du s\u00e9jour pour une p\u00e9riode s\u00e9lectionn\u00e9e. Le prestataire est responsable de l'affichage correct des prix. Lors de la redirection vers le site web du prestataire, il peut y avoir des frais qui ne peuvent pas \u00eatre affich\u00e9s sur la plateforme.<\/span>\n<\/p>\n<p>\n    <span>4.3 Si des frais de service sont appliqu\u00e9s, le montant exact sera indiqu\u00e9 au moment de la r\u00e9servation.<\/span>\n<\/p>\n\n<b>5. comptes d'utilisateurs<\/b>\n<p>\n    <span>5.1 Certaines fonctions de la plate-forme n\u00e9cessitent la cr\u00e9ation d'un compte d'utilisateur, qui est associ\u00e9 \u00e0 une adresse e-mail. Un compte d'utilisateur est \u00e9galement cr\u00e9\u00e9 lorsque l'utilisateur s'abonne \u00e0 la newsletter ou demande une r\u00e9servation.<\/span>\n<\/p>\n<p>\n    <span>5.2 L'utilisateur est responsable de l'exactitude des informations fournies et doit garder son compte confidentiel. En cas d'acc\u00e8s non autoris\u00e9, glampingoase GmbH doit \u00eatre imm\u00e9diatement inform\u00e9.<\/span>\n<\/p>\n<p>\n    <span>5.3 Les utilisateurs peuvent acc\u00e9der \u00e0 leur compte depuis n'importe quel terminal. Un lien de connexion personnel est fourni par e-mail.<\/span>\n<\/p>\n<p>\n    <span>5.4 glampingoase GmbH se r\u00e9serve le droit de bloquer temporairement ou de supprimer des comptes d'utilisateurs en cas de violation des conditions d'utilisation ou de la l\u00e9gislation en vigueur.<\/span>\n<\/p>\n<p>\n    <span>5.5. la suppression d'un compte peut \u00eatre demand\u00e9e par e-mail \u00e0 info@glampingoase.com.<\/span>\n<\/p>\n\n<b>6. protection des donn\u00e9es<\/b>\n<p>\n    <span>6.1 La protection des donn\u00e9es personnelles est une priorit\u00e9 absolue pour glampingoase GmbH.<\/span>\n<\/p>\n<p>\n    <span>6.2 Les donn\u00e9es personnelles ne sont collect\u00e9es qu'avec l'accord de l'utilisateur ou en vertu de dispositions l\u00e9gales. Les d\u00e9tails se trouvent dans la d\u00e9claration de protection des donn\u00e9es.<\/span>\n<\/p>\n<p>\n    <span>6.3. en cas de r\u00e9servation directe, les donn\u00e9es requises sont transmises au prestataire concern\u00e9, qui est responsable du traitement des donn\u00e9es.<\/span>\n<\/p>\n\n<b>7. responsabilit\u00e9<\/b>\n<p>\n    <span>7.1 Les fournisseurs sont responsables des informations qu'ils mettent \u00e0 disposition. glampingoase GmbH n'est pas responsable de leur exactitude ou de leur actualit\u00e9.<\/span>\n<\/p>\n<p>\n    <span>7.2 La responsabilit\u00e9 de glampingoase GmbH en cas de faute intentionnelle ou de n\u00e9gligence grave est illimit\u00e9e. En cas de n\u00e9gligence simple, la responsabilit\u00e9 est exclue, sauf en cas d'atteinte \u00e0 la vie, au corps ou \u00e0 la sant\u00e9.<\/span>\n<\/p>\n<p>\n    <span>7.3 Si glampingoase GmbH est exclue de la responsabilit\u00e9 ou si sa responsabilit\u00e9 est limit\u00e9e, cela s'applique \u00e9galement \u00e0 ses employ\u00e9s et repr\u00e9sentants.<\/span>\n<\/p>\n<p>\n    <span>7.4 Les utilisateurs doivent s'adresser au fournisseur en cas d'annulation. glampingoase GmbH offre un soutien, mais n'est pas responsable de la disponibilit\u00e9 ou de l'ex\u00e9cution des offres. Toute r\u00e9clamation doit \u00eatre adress\u00e9e au fournisseur.<\/span>\n<\/p>\n<p>\n    <span>7.5 glampingoase GmbH ne s'approprie pas les contenus g\u00e9n\u00e9r\u00e9s par les utilisateurs et affich\u00e9s sur la plateforme.<\/span>\n<\/p>\n<p>\n    <span>7.6 La responsabilit\u00e9 en cas de force majeure est exclue.<\/span>\n<\/p>\n<p>\n    <span>7.7 glampingoase GmbH est responsable de ses propres contenus conform\u00e9ment aux lois g\u00e9n\u00e9rales, mais n'est pas tenu de surveiller les informations transmises.<\/span>\n<\/p>\n<p>\n    <span>7.8 glampingoase GmbH n'est pas responsable des liens externes et de leur contenu. La responsabilit\u00e9 incombe au fournisseur respectif.<\/span>\n<\/p>\n<p>\n    <span>7.9 Les contenus cr\u00e9\u00e9s par glampingoase GmbH sont soumis au droit d'auteur. Toute reproduction ou modification n\u00e9cessite l'accord \u00e9crit de l'auteur concern\u00e9.<\/span>\n<\/p>\n\n<b>8. modifications des conditions d'utilisation<\/b>\n<p>\n    <span>8.1 glampingoase GmbH se r\u00e9serve le droit de modifier les conditions d'utilisation avec un pr\u00e9avis raisonnable.<\/span>\n<\/p>\n<p>\n    <span>8.2 Si l'utilisateur ne conteste pas les modifications dans un d\u00e9lai de quatre semaines \u00e0 compter de leur annonce, les nouvelles conditions sont consid\u00e9r\u00e9es comme accept\u00e9es.<\/span>\n<\/p>\n\n<b>9. dispositions finales<\/b>\n<p>\n    <span>9.1 Seul le droit suisse est applicable, \u00e0 l'exclusion de la Convention des Nations Unies sur les contrats de vente internationale de marchandises.<\/span>\n<\/p>\n<p>\n    <span>9.2 Si une partie des pr\u00e9sentes conditions est invalide, le reste du contrat reste valide.<\/span>\n<\/p>\n<p>\n    <span>9.3 La Commission europ\u00e9enne met \u00e0 disposition une plateforme de r\u00e8glement des litiges en ligne, \u00e0 laquelle glampingoase GmbH ne participe pas et n'est pas tenue de participer.<\/span>\n<\/p>\n\n<p>Version 1 (avril 2025)<\/p>\t\t\t\t\t\t\t\t<\/div>\n\t\t\t\t\t<\/div>\n\t\t\t\t<\/div>\n\t\t\t\t<\/div>","protected":false},"excerpt":{"rendered":"<p>Nutzungsbedingungen Bitte beachten Sie die folgenden Nutzungsbedingungen der glampingoase GmbH, die als Betreiberin dieser Online-Plattform fungiert. 1. Allgemeines 1.1. Die glampingoase GmbH, mit Sitz in Breechliweg 3, 5102 Rupperswil, betreibt eine Internet- und Marketingplattform unter verschiedenen Domains, die insbesondere \u00dcbernachtungsm\u00f6glichkeiten in Glamping-Objekten darstellen und pr\u00e4sentieren. 1.2. Mit der Nutzung der Website der glampingoase GmbH best\u00e4tigt [&hellip;]<\/p>\n","protected":false},"author":1,"featured_media":0,"parent":0,"menu_order":0,"comment_status":"closed","ping_status":"closed","template":"","meta":{"footnotes":""},"class_list":["post-2880","page","type-page","status-publish","hentry"],"yoast_head":"<!-- This site is optimized with the Yoast SEO plugin v27.5 - https:\/\/yoast.com\/product\/yoast-seo-wordpress\/ -->\n<title>Nutzungsbedingungen - glampingoase<\/title>\n<meta name=\"robots\" content=\"index, follow, max-snippet:-1, max-image-preview:large, max-video-preview:-1\" \/>\n<link rel=\"canonical\" href=\"https:\/\/glampingoase.com\/fr\/nutzungsbedingungen\/\" \/>\n<meta property=\"og:locale\" content=\"fr_FR\" \/>\n<meta property=\"og:type\" content=\"article\" \/>\n<meta property=\"og:title\" content=\"Nutzungsbedingungen - glampingoase\" \/>\n<meta property=\"og:description\" content=\"Nutzungsbedingungen Bitte beachten Sie die folgenden Nutzungsbedingungen der glampingoase GmbH, die als Betreiberin dieser Online-Plattform fungiert. 1. Allgemeines 1.1. Die glampingoase GmbH, mit Sitz in Breechliweg 3, 5102 Rupperswil, betreibt eine Internet- und Marketingplattform unter verschiedenen Domains, die insbesondere \u00dcbernachtungsm\u00f6glichkeiten in Glamping-Objekten darstellen und pr\u00e4sentieren. 1.2. Mit der Nutzung der Website der glampingoase GmbH best\u00e4tigt [&hellip;]\" \/>\n<meta property=\"og:url\" content=\"https:\/\/glampingoase.com\/fr\/nutzungsbedingungen\/\" \/>\n<meta property=\"og:site_name\" content=\"glampingoase\" \/>\n<meta property=\"article:publisher\" content=\"https:\/\/www.facebook.com\/share\/1DYMrTx4Sf\/\" \/>\n<meta property=\"article:modified_time\" content=\"2025-04-02T14:08:58+00:00\" \/>\n<meta name=\"twitter:card\" content=\"summary_large_image\" \/>\n<meta name=\"twitter:label1\" content=\"Dur\u00e9e de lecture estim\u00e9e\" \/>\n\t<meta name=\"twitter:data1\" content=\"6 minutes\" \/>\n<script type=\"application\/ld+json\" class=\"yoast-schema-graph\">{\"@context\":\"https:\\\/\\\/schema.org\",\"@graph\":[{\"@type\":\"WebPage\",\"@id\":\"https:\\\/\\\/glampingoase.com\\\/fr\\\/nutzungsbedingungen\\\/\",\"url\":\"https:\\\/\\\/glampingoase.com\\\/fr\\\/nutzungsbedingungen\\\/\",\"name\":\"Nutzungsbedingungen - glampingoase\",\"isPartOf\":{\"@id\":\"https:\\\/\\\/glampingoase.com\\\/fr\\\/#website\"},\"datePublished\":\"2025-03-15T21:48:28+00:00\",\"dateModified\":\"2025-04-02T14:08:58+00:00\",\"breadcrumb\":{\"@id\":\"https:\\\/\\\/glampingoase.com\\\/fr\\\/nutzungsbedingungen\\\/#breadcrumb\"},\"inLanguage\":\"fr-FR\",\"potentialAction\":[{\"@type\":\"ReadAction\",\"target\":[\"https:\\\/\\\/glampingoase.com\\\/fr\\\/nutzungsbedingungen\\\/\"]}]},{\"@type\":\"BreadcrumbList\",\"@id\":\"https:\\\/\\\/glampingoase.com\\\/fr\\\/nutzungsbedingungen\\\/#breadcrumb\",\"itemListElement\":[{\"@type\":\"ListItem\",\"position\":1,\"name\":\"Startseite\",\"item\":\"https:\\\/\\\/glampingoase.com\\\/\"},{\"@type\":\"ListItem\",\"position\":2,\"name\":\"Nutzungsbedingungen\"}]},{\"@type\":\"WebSite\",\"@id\":\"https:\\\/\\\/glampingoase.com\\\/fr\\\/#website\",\"url\":\"https:\\\/\\\/glampingoase.com\\\/fr\\\/\",\"name\":\"glampingoase\",\"description\":\"dein Portal f\u00fcr aussergew\u00f6hnliche Erlebnisse\",\"potentialAction\":[{\"@type\":\"SearchAction\",\"target\":{\"@type\":\"EntryPoint\",\"urlTemplate\":\"https:\\\/\\\/glampingoase.com\\\/fr\\\/?s={search_term_string}\"},\"query-input\":{\"@type\":\"PropertyValueSpecification\",\"valueRequired\":true,\"valueName\":\"search_term_string\"}}],\"inLanguage\":\"fr-FR\"}]}<\/script>\n<!-- \/ Yoast SEO plugin. -->","yoast_head_json":{"title":"Nutzungsbedingungen - glampingoase","robots":{"index":"index","follow":"follow","max-snippet":"max-snippet:-1","max-image-preview":"max-image-preview:large","max-video-preview":"max-video-preview:-1"},"canonical":"https:\/\/glampingoase.com\/fr\/nutzungsbedingungen\/","og_locale":"fr_FR","og_type":"article","og_title":"Nutzungsbedingungen - glampingoase","og_description":"Nutzungsbedingungen Bitte beachten Sie die folgenden Nutzungsbedingungen der glampingoase GmbH, die als Betreiberin dieser Online-Plattform fungiert. 1. Allgemeines 1.1. Die glampingoase GmbH, mit Sitz in Breechliweg 3, 5102 Rupperswil, betreibt eine Internet- und Marketingplattform unter verschiedenen Domains, die insbesondere \u00dcbernachtungsm\u00f6glichkeiten in Glamping-Objekten darstellen und pr\u00e4sentieren. 1.2. Mit der Nutzung der Website der glampingoase GmbH best\u00e4tigt [&hellip;]","og_url":"https:\/\/glampingoase.com\/fr\/nutzungsbedingungen\/","og_site_name":"glampingoase","article_publisher":"https:\/\/www.facebook.com\/share\/1DYMrTx4Sf\/","article_modified_time":"2025-04-02T14:08:58+00:00","twitter_card":"summary_large_image","twitter_misc":{"Dur\u00e9e de lecture estim\u00e9e":"6 minutes"},"schema":{"@context":"https:\/\/schema.org","@graph":[{"@type":"WebPage","@id":"https:\/\/glampingoase.com\/fr\/nutzungsbedingungen\/","url":"https:\/\/glampingoase.com\/fr\/nutzungsbedingungen\/","name":"Nutzungsbedingungen - glampingoase","isPartOf":{"@id":"https:\/\/glampingoase.com\/fr\/#website"},"datePublished":"2025-03-15T21:48:28+00:00","dateModified":"2025-04-02T14:08:58+00:00","breadcrumb":{"@id":"https:\/\/glampingoase.com\/fr\/nutzungsbedingungen\/#breadcrumb"},"inLanguage":"fr-FR","potentialAction":[{"@type":"ReadAction","target":["https:\/\/glampingoase.com\/fr\/nutzungsbedingungen\/"]}]},{"@type":"BreadcrumbList","@id":"https:\/\/glampingoase.com\/fr\/nutzungsbedingungen\/#breadcrumb","itemListElement":[{"@type":"ListItem","position":1,"name":"Startseite","item":"https:\/\/glampingoase.com\/"},{"@type":"ListItem","position":2,"name":"Nutzungsbedingungen"}]},{"@type":"WebSite","@id":"https:\/\/glampingoase.com\/fr\/#website","url":"https:\/\/glampingoase.com\/fr\/","name":"glampingoase","description":"ton portail pour des exp\u00e9riences extraordinaires","potentialAction":[{"@type":"SearchAction","target":{"@type":"EntryPoint","urlTemplate":"https:\/\/glampingoase.com\/fr\/?s={search_term_string}"},"query-input":{"@type":"PropertyValueSpecification","valueRequired":true,"valueName":"search_term_string"}}],"inLanguage":"fr-FR"}]}},"_links":{"self":[{"href":"https:\/\/glampingoase.com\/fr\/wp-json\/wp\/v2\/pages\/2880","targetHints":{"allow":["GET"]}}],"collection":[{"href":"https:\/\/glampingoase.com\/fr\/wp-json\/wp\/v2\/pages"}],"about":[{"href":"https:\/\/glampingoase.com\/fr\/wp-json\/wp\/v2\/types\/page"}],"author":[{"embeddable":true,"href":"https:\/\/glampingoase.com\/fr\/wp-json\/wp\/v2\/users\/1"}],"replies":[{"embeddable":true,"href":"https:\/\/glampingoase.com\/fr\/wp-json\/wp\/v2\/comments?post=2880"}],"version-history":[{"count":3,"href":"https:\/\/glampingoase.com\/fr\/wp-json\/wp\/v2\/pages\/2880\/revisions"}],"predecessor-version":[{"id":3223,"href":"https:\/\/glampingoase.com\/fr\/wp-json\/wp\/v2\/pages\/2880\/revisions\/3223"}],"wp:attachment":[{"href":"https:\/\/glampingoase.com\/fr\/wp-json\/wp\/v2\/media?parent=2880"}],"curies":[{"name":"wp","href":"https:\/\/api.w.org\/{rel}","templated":true}]}}