{"id":1455,"date":"2024-12-01T08:35:41","date_gmt":"2024-12-01T07:35:41","guid":{"rendered":"https:\/\/romantic-mendeleev.85-215-221-128.plesk.page\/?page_id=1455"},"modified":"2025-04-05T10:52:17","modified_gmt":"2025-04-05T08:52:17","slug":"favoriten","status":"publish","type":"page","link":"https:\/\/glampingoase.com\/fr\/favoriten\/","title":{"rendered":"Favoris"},"content":{"rendered":"\t\t<div data-elementor-type=\"wp-page\" data-elementor-id=\"1455\" class=\"elementor elementor-1455\" data-elementor-post-type=\"page\">\n\t\t\t\t<div class=\"elementor-element elementor-element-758bb50 e-flex e-con-boxed e-con e-parent\" data-id=\"758bb50\" data-element_type=\"container\" data-e-type=\"container\" data-settings=\"{&quot;jet_parallax_layout_list&quot;:[],&quot;background_background&quot;:&quot;classic&quot;}\">\n\t\t\t\t\t<div class=\"e-con-inner\">\n\t\t\t\t<div class=\"elementor-element elementor-element-ab1b86c elementor-widget elementor-widget-heading\" data-id=\"ab1b86c\" data-element_type=\"widget\" data-e-type=\"widget\" data-widget_type=\"heading.default\">\n\t\t\t\t\t<h1 class=\"elementor-heading-title elementor-size-default\">Lieblings-Glamping<\/h1>\t\t\t\t<\/div>\n\t\t\t\t<div class=\"elementor-element elementor-element-00342db elementor-widget__width-initial elementor-widget-mobile__width-inherit elementor-widget elementor-widget-text-editor\" data-id=\"00342db\" data-element_type=\"widget\" data-e-type=\"widget\" data-widget_type=\"text-editor.default\">\n\t\t\t\t\t\t\t\t\t<p>Deine gespeicherten Favoriten \u2013 Greifen einfach auf deine favorisierten Glampings zu und verwalte diese.<\/p>\t\t\t\t\t\t\t\t<\/div>\n\t\t\t\t\t<\/div>\n\t\t\t\t<\/div>\n\t\t<div class=\"elementor-element elementor-element-ce93245 e-flex e-con-boxed e-con e-parent\" data-id=\"ce93245\" data-element_type=\"container\" data-e-type=\"container\" data-settings=\"{&quot;jet_parallax_layout_list&quot;:[]}\">\n\t\t\t\t\t<div class=\"e-con-inner\">\n\t\t\t\t<div class=\"elementor-element elementor-element-f8b4d39 elementor-widget elementor-widget-jet-listing-grid\" data-id=\"f8b4d39\" data-element_type=\"widget\" data-e-type=\"widget\" data-settings=\"{&quot;columns&quot;:&quot;4&quot;,&quot;columns_tablet&quot;:&quot;3&quot;,&quot;columns_mobile&quot;:&quot;1&quot;}\" data-widget_type=\"jet-listing-grid.default\">\n\t\t\t\t\t<div class=\"jet-listing-grid jet-listing\"><div class=\"jet-listing-not-found jet-listing-grid__items\" data-nav=\"{&quot;enabled&quot;:false,&quot;type&quot;:null,&quot;more_el&quot;:null,&quot;query&quot;:[],&quot;widget_settings&quot;:{&quot;lisitng_id&quot;:850,&quot;posts_num&quot;:6,&quot;columns&quot;:4,&quot;columns_tablet&quot;:3,&quot;columns_mobile&quot;:1,&quot;column_min_width&quot;:240,&quot;column_min_width_tablet&quot;:240,&quot;column_min_width_mobile&quot;:240,&quot;inline_columns_css&quot;:false,&quot;is_archive_template&quot;:&quot;&quot;,&quot;post_status&quot;:[&quot;publish&quot;],&quot;use_random_posts_num&quot;:&quot;&quot;,&quot;max_posts_num&quot;:9,&quot;not_found_message&quot;:&quot;Du hast noch kein Glamping als Favorit markiert.&quot;,&quot;is_masonry&quot;:false,&quot;equal_columns_height&quot;:&quot;&quot;,&quot;use_load_more&quot;:&quot;&quot;,&quot;load_more_id&quot;:&quot;&quot;,&quot;load_more_type&quot;:&quot;click&quot;,&quot;load_more_offset&quot;:null,&quot;use_custom_post_types&quot;:&quot;&quot;,&quot;custom_post_types&quot;:[],&quot;hide_widget_if&quot;:&quot;&quot;,&quot;carousel_enabled&quot;:&quot;&quot;,&quot;slides_to_scroll&quot;:&quot;1&quot;,&quot;arrows&quot;:&quot;true&quot;,&quot;arrow_icon&quot;:&quot;fa fa-angle-left&quot;,&quot;dots&quot;:&quot;&quot;,&quot;autoplay&quot;:&quot;true&quot;,&quot;pause_on_hover&quot;:&quot;true&quot;,&quot;autoplay_speed&quot;:5000,&quot;infinite&quot;:&quot;true&quot;,&quot;center_mode&quot;:&quot;&quot;,&quot;effect&quot;:&quot;slide&quot;,&quot;speed&quot;:500,&quot;inject_alternative_items&quot;:&quot;&quot;,&quot;injection_items&quot;:[],&quot;scroll_slider_enabled&quot;:&quot;&quot;,&quot;scroll_slider_on&quot;:[&quot;desktop&quot;,&quot;tablet&quot;,&quot;mobile&quot;],&quot;custom_query&quot;:&quot;yes&quot;,&quot;custom_query_id&quot;:&quot;7&quot;,&quot;_element_id&quot;:&quot;&quot;,&quot;collapse_first_last_gap&quot;:&quot;true&quot;,&quot;list_tag_selection&quot;:&quot;&quot;,&quot;list_items_wrapper_tag&quot;:&quot;div&quot;,&quot;list_item_tag&quot;:&quot;div&quot;,&quot;empty_items_wrapper_tag&quot;:&quot;div&quot;}}\" data-listing-source=\"query\" data-listing-id=\"850\" data-query-id=\"7\" data-queried-id=\"1455|WP_Post\">Du hast noch kein Glamping als Favorit markiert.<\/div><\/div>\t\t\t\t<\/div>\n\t\t\t\t\t<\/div>\n\t\t\t\t<\/div>\n\t\t\t\t<\/div>\n\t\t","protected":false},"excerpt":{"rendered":"<p>Glamping pr\u00e9f\u00e9r\u00e9 Tes favoris enregistr\u00e9s - Acc\u00e9dez facilement \u00e0 vos glampings favoris et g\u00e9rez-les. Birb\u00e4umli - Entr\u00e9e chalet d'alpage<\/p>","protected":false},"author":1,"featured_media":0,"parent":0,"menu_order":0,"comment_status":"closed","ping_status":"closed","template":"elementor_header_footer","meta":{"footnotes":""},"class_list":["post-1455","page","type-page","status-publish","hentry"],"yoast_head":"<!-- This site is optimized with the Yoast SEO plugin v27.5 - https:\/\/yoast.com\/product\/yoast-seo-wordpress\/ -->\n<title>Favoriten - glampingoase<\/title>\n<meta name=\"robots\" content=\"index, follow, max-snippet:-1, max-image-preview:large, max-video-preview:-1\" \/>\n<link rel=\"canonical\" href=\"https:\/\/glampingoase.com\/fr\/favoriten\/\" \/>\n<meta property=\"og:locale\" content=\"fr_FR\" \/>\n<meta property=\"og:type\" content=\"article\" \/>\n<meta property=\"og:title\" content=\"Favoriten - glampingoase\" \/>\n<meta property=\"og:description\" content=\"Lieblings-Glamping Deine gespeicherten Favoriten \u2013 Greifen einfach auf deine favorisierten Glampings zu und verwalte diese. Birb\u00e4umli &#8211; Eintrag Alph\u00fctte\" \/>\n<meta property=\"og:url\" content=\"https:\/\/glampingoase.com\/fr\/favoriten\/\" \/>\n<meta property=\"og:site_name\" content=\"glampingoase\" \/>\n<meta property=\"article:publisher\" content=\"https:\/\/www.facebook.com\/share\/1DYMrTx4Sf\/\" \/>\n<meta property=\"article:modified_time\" content=\"2025-04-05T08:52:17+00:00\" \/>\n<meta name=\"twitter:card\" content=\"summary_large_image\" \/>\n<script type=\"application\/ld+json\" class=\"yoast-schema-graph\">{\"@context\":\"https:\\\/\\\/schema.org\",\"@graph\":[{\"@type\":\"WebPage\",\"@id\":\"https:\\\/\\\/glampingoase.com\\\/fr\\\/favoriten\\\/\",\"url\":\"https:\\\/\\\/glampingoase.com\\\/fr\\\/favoriten\\\/\",\"name\":\"Favoriten - glampingoase\",\"isPartOf\":{\"@id\":\"https:\\\/\\\/glampingoase.com\\\/fr\\\/#website\"},\"datePublished\":\"2024-12-01T07:35:41+00:00\",\"dateModified\":\"2025-04-05T08:52:17+00:00\",\"breadcrumb\":{\"@id\":\"https:\\\/\\\/glampingoase.com\\\/fr\\\/favoriten\\\/#breadcrumb\"},\"inLanguage\":\"fr-FR\",\"potentialAction\":[{\"@type\":\"ReadAction\",\"target\":[\"https:\\\/\\\/glampingoase.com\\\/fr\\\/favoriten\\\/\"]}]},{\"@type\":\"BreadcrumbList\",\"@id\":\"https:\\\/\\\/glampingoase.com\\\/fr\\\/favoriten\\\/#breadcrumb\",\"itemListElement\":[{\"@type\":\"ListItem\",\"position\":1,\"name\":\"Startseite\",\"item\":\"https:\\\/\\\/glampingoase.com\\\/\"},{\"@type\":\"ListItem\",\"position\":2,\"name\":\"Favoriten\"}]},{\"@type\":\"WebSite\",\"@id\":\"https:\\\/\\\/glampingoase.com\\\/fr\\\/#website\",\"url\":\"https:\\\/\\\/glampingoase.com\\\/fr\\\/\",\"name\":\"glampingoase\",\"description\":\"dein Portal f\u00fcr aussergew\u00f6hnliche Erlebnisse\",\"potentialAction\":[{\"@type\":\"SearchAction\",\"target\":{\"@type\":\"EntryPoint\",\"urlTemplate\":\"https:\\\/\\\/glampingoase.com\\\/fr\\\/?s={search_term_string}\"},\"query-input\":{\"@type\":\"PropertyValueSpecification\",\"valueRequired\":true,\"valueName\":\"search_term_string\"}}],\"inLanguage\":\"fr-FR\"}]}<\/script>\n<!-- \/ Yoast SEO plugin. -->","yoast_head_json":{"title":"Favoris - glampingoase","robots":{"index":"index","follow":"follow","max-snippet":"max-snippet:-1","max-image-preview":"max-image-preview:large","max-video-preview":"max-video-preview:-1"},"canonical":"https:\/\/glampingoase.com\/fr\/favoriten\/","og_locale":"fr_FR","og_type":"article","og_title":"Favoriten - glampingoase","og_description":"Lieblings-Glamping Deine gespeicherten Favoriten \u2013 Greifen einfach auf deine favorisierten Glampings zu und verwalte diese. Birb\u00e4umli &#8211; Eintrag Alph\u00fctte","og_url":"https:\/\/glampingoase.com\/fr\/favoriten\/","og_site_name":"glampingoase","article_publisher":"https:\/\/www.facebook.com\/share\/1DYMrTx4Sf\/","article_modified_time":"2025-04-05T08:52:17+00:00","twitter_card":"summary_large_image","schema":{"@context":"https:\/\/schema.org","@graph":[{"@type":"WebPage","@id":"https:\/\/glampingoase.com\/fr\/favoriten\/","url":"https:\/\/glampingoase.com\/fr\/favoriten\/","name":"Favoris - glampingoase","isPartOf":{"@id":"https:\/\/glampingoase.com\/fr\/#website"},"datePublished":"2024-12-01T07:35:41+00:00","dateModified":"2025-04-05T08:52:17+00:00","breadcrumb":{"@id":"https:\/\/glampingoase.com\/fr\/favoriten\/#breadcrumb"},"inLanguage":"fr-FR","potentialAction":[{"@type":"ReadAction","target":["https:\/\/glampingoase.com\/fr\/favoriten\/"]}]},{"@type":"BreadcrumbList","@id":"https:\/\/glampingoase.com\/fr\/favoriten\/#breadcrumb","itemListElement":[{"@type":"ListItem","position":1,"name":"Startseite","item":"https:\/\/glampingoase.com\/"},{"@type":"ListItem","position":2,"name":"Favoriten"}]},{"@type":"WebSite","@id":"https:\/\/glampingoase.com\/fr\/#website","url":"https:\/\/glampingoase.com\/fr\/","name":"glampingoase","description":"ton portail pour des exp\u00e9riences extraordinaires","potentialAction":[{"@type":"SearchAction","target":{"@type":"EntryPoint","urlTemplate":"https:\/\/glampingoase.com\/fr\/?s={search_term_string}"},"query-input":{"@type":"PropertyValueSpecification","valueRequired":true,"valueName":"search_term_string"}}],"inLanguage":"fr-FR"}]}},"_links":{"self":[{"href":"https:\/\/glampingoase.com\/fr\/wp-json\/wp\/v2\/pages\/1455","targetHints":{"allow":["GET"]}}],"collection":[{"href":"https:\/\/glampingoase.com\/fr\/wp-json\/wp\/v2\/pages"}],"about":[{"href":"https:\/\/glampingoase.com\/fr\/wp-json\/wp\/v2\/types\/page"}],"author":[{"embeddable":true,"href":"https:\/\/glampingoase.com\/fr\/wp-json\/wp\/v2\/users\/1"}],"replies":[{"embeddable":true,"href":"https:\/\/glampingoase.com\/fr\/wp-json\/wp\/v2\/comments?post=1455"}],"version-history":[{"count":6,"href":"https:\/\/glampingoase.com\/fr\/wp-json\/wp\/v2\/pages\/1455\/revisions"}],"predecessor-version":[{"id":3286,"href":"https:\/\/glampingoase.com\/fr\/wp-json\/wp\/v2\/pages\/1455\/revisions\/3286"}],"wp:attachment":[{"href":"https:\/\/glampingoase.com\/fr\/wp-json\/wp\/v2\/media?parent=1455"}],"curies":[{"name":"wp","href":"https:\/\/api.w.org\/{rel}","templated":true}]}}