{"id":614,"date":"2024-11-26T16:25:45","date_gmt":"2024-11-26T15:25:45","guid":{"rendered":"https:\/\/romantic-mendeleev.85-215-221-128.plesk.page\/?page_id=614"},"modified":"2025-08-16T19:49:15","modified_gmt":"2025-08-16T17:49:15","slug":"kontakt","status":"publish","type":"page","link":"https:\/\/glampingoase.com\/en\/kontakt\/","title":{"rendered":"Contact us"},"content":{"rendered":"\t\t<div data-elementor-type=\"wp-page\" data-elementor-id=\"614\" class=\"elementor elementor-614\" data-elementor-post-type=\"page\">\n\t\t\t\t<div class=\"elementor-element elementor-element-5af03b1 e-flex e-con-boxed e-con e-parent\" data-id=\"5af03b1\" data-element_type=\"container\" data-e-type=\"container\" data-settings=\"{&quot;jet_parallax_layout_list&quot;:[],&quot;background_background&quot;:&quot;classic&quot;}\">\n\t\t\t\t\t<div class=\"e-con-inner\">\n\t\t\t\t<div class=\"elementor-element elementor-element-717d52d elementor-widget elementor-widget-heading\" data-id=\"717d52d\" data-element_type=\"widget\" data-e-type=\"widget\" data-widget_type=\"heading.default\">\n\t\t\t\t\t<h1 class=\"elementor-heading-title elementor-size-default\">Kontaktiere uns<\/h1>\t\t\t\t<\/div>\n\t\t\t\t<div class=\"elementor-element elementor-element-81f1661 elementor-widget__width-initial elementor-widget-mobile__width-inherit elementor-widget elementor-widget-text-editor\" data-id=\"81f1661\" data-element_type=\"widget\" data-e-type=\"widget\" data-widget_type=\"text-editor.default\">\n\t\t\t\t\t\t\t\t\t<p>Hast du Fragen\/Anregungen? Dann sind wir selbstverst\u00e4ndlich jederzeit f\u00fcr dich da.\u00a0<br \/>F\u00fclle einfach das Kontaktformular aus oder schreibe uns eine Mail. Wir melden uns dann schnellstm\u00f6glich bei dir.<\/p><p>Wenn du ein Dein Glampingobjekt bei uns bewerben und auflisten m\u00f6chtest, kannst du dich ebenfalls sehr gerne per Kontaktformular oder Mail an uns wenden.<\/p>\t\t\t\t\t\t\t\t<\/div>\n\t\t\t\t\t<\/div>\n\t\t\t\t<\/div>\n\t\t<div class=\"elementor-element elementor-element-8053521 e-flex e-con-boxed e-con e-parent\" data-id=\"8053521\" data-element_type=\"container\" data-e-type=\"container\" data-settings=\"{&quot;jet_parallax_layout_list&quot;:[],&quot;background_background&quot;:&quot;classic&quot;}\">\n\t\t\t\t\t<div class=\"e-con-inner\">\n\t\t<div class=\"elementor-element elementor-element-3753b3b e-con-full e-flex e-con e-child\" data-id=\"3753b3b\" data-element_type=\"container\" data-e-type=\"container\" data-settings=\"{&quot;background_background&quot;:&quot;classic&quot;,&quot;jet_parallax_layout_list&quot;:[]}\">\n\t\t<div class=\"elementor-element elementor-element-2296a49 e-con-full e-flex e-con e-child\" data-id=\"2296a49\" data-element_type=\"container\" data-e-type=\"container\" data-settings=\"{&quot;jet_parallax_layout_list&quot;:[]}\">\n\t\t\t\t<div class=\"elementor-element elementor-element-ea8ae28 elementor-widget elementor-widget-heading\" data-id=\"ea8ae28\" data-element_type=\"widget\" data-e-type=\"widget\" data-widget_type=\"heading.default\">\n\t\t\t\t\t<h6 class=\"elementor-heading-title elementor-size-default\">Kontaktiere uns direkt<\/h6>\t\t\t\t<\/div>\n\t\t\t\t<div class=\"elementor-element elementor-element-2c95091 elementor-icon-list--layout-traditional elementor-list-item-link-full_width elementor-widget elementor-widget-icon-list\" data-id=\"2c95091\" data-element_type=\"widget\" data-e-type=\"widget\" data-widget_type=\"icon-list.default\">\n\t\t\t\t\t\t\t<ul class=\"elementor-icon-list-items\">\n\t\t\t\t\t\t\t<li class=\"elementor-icon-list-item\">\n\t\t\t\t\t\t\t\t\t\t\t<a href=\"mailto:info@glampingoase.com\">\n\n\t\t\t\t\t\t\t\t\t\t\t\t<span class=\"elementor-icon-list-icon\">\n\t\t\t\t\t\t\t<svg xmlns=\"http:\/\/www.w3.org\/2000\/svg\" xmlns:xlink=\"http:\/\/www.w3.org\/1999\/xlink\" id=\"Layer_1\" x=\"0px\" y=\"0px\" viewBox=\"0 0 512 512\" style=\"enable-background:new 0 0 512 512;\" xml:space=\"preserve\"><g>\t<g>\t\t<path d=\"M469.333,64H42.667C19.135,64,0,83.135,0,106.667v298.667C0,428.865,19.135,448,42.667,448h426.667   C492.865,448,512,428.865,512,405.333V106.667C512,83.135,492.865,64,469.333,64z M42.667,85.333h426.667   c1.572,0,2.957,0.573,4.432,0.897c-36.939,33.807-159.423,145.859-202.286,184.478c-3.354,3.021-8.76,6.625-15.479,6.625   s-12.125-3.604-15.49-6.635C197.652,232.085,75.161,120.027,38.228,86.232C39.706,85.908,41.094,85.333,42.667,85.333z    M21.333,405.333V106.667c0-2.09,0.63-3.986,1.194-5.896c28.272,25.876,113.736,104.06,169.152,154.453   C136.443,302.671,50.957,383.719,22.46,410.893C21.957,409.079,21.333,407.305,21.333,405.333z M469.333,426.667H42.667   c-1.704,0-3.219-0.594-4.81-0.974c29.447-28.072,115.477-109.586,169.742-156.009c7.074,6.417,13.536,12.268,18.63,16.858   c8.792,7.938,19.083,12.125,29.771,12.125s20.979-4.188,29.76-12.115c5.096-4.592,11.563-10.448,18.641-16.868   c54.268,46.418,140.286,127.926,169.742,156.009C472.552,426.073,471.039,426.667,469.333,426.667z M490.667,405.333   c0,1.971-0.624,3.746-1.126,5.56c-28.508-27.188-113.984-108.227-169.219-155.668c55.418-50.393,140.869-128.57,169.151-154.456   c0.564,1.91,1.194,3.807,1.194,5.897V405.333z\"><\/path>\t<\/g><\/g><g><\/g><g><\/g><g><\/g><g><\/g><g><\/g><g><\/g><g><\/g><g><\/g><g><\/g><g><\/g><g><\/g><g><\/g><g><\/g><g><\/g><g><\/g><\/svg>\t\t\t\t\t\t<\/span>\n\t\t\t\t\t\t\t\t\t\t<span class=\"elementor-icon-list-text\">info@glampingoase.com<\/span>\n\t\t\t\t\t\t\t\t\t\t\t<\/a>\n\t\t\t\t\t\t\t\t\t<\/li>\n\t\t\t\t\t\t<\/ul>\n\t\t\t\t\t\t<\/div>\n\t\t\t\t<\/div>\n\t\t<div class=\"elementor-element elementor-element-2325d03 e-con-full e-flex e-con e-child\" data-id=\"2325d03\" data-element_type=\"container\" data-e-type=\"container\" data-settings=\"{&quot;jet_parallax_layout_list&quot;:[]}\">\n\t\t\t\t<div class=\"elementor-element elementor-element-17924a1 elementor-widget elementor-widget-image\" data-id=\"17924a1\" data-element_type=\"widget\" data-e-type=\"widget\" data-widget_type=\"image.default\">\n\t\t\t\t\t\t\t\t\t\t\t\t\t\t\t<img decoding=\"async\" src=\"https:\/\/glampingoase.com\/wp-content\/uploads\/2022\/10\/Color-logo-no-background.png\" title=\"\" alt=\"\" loading=\"lazy\" \/>\t\t\t\t\t\t\t\t\t\t\t\t\t\t\t<\/div>\n\t\t\t\t<\/div>\n\t\t\t\t<\/div>\n\t\t<div class=\"elementor-element elementor-element-94bea24 e-con-full e-flex e-con e-child\" data-id=\"94bea24\" data-element_type=\"container\" data-e-type=\"container\" data-settings=\"{&quot;background_background&quot;:&quot;classic&quot;,&quot;jet_parallax_layout_list&quot;:[]}\">\n\t\t\t\t<div class=\"elementor-element elementor-element-d4a4aeb elementor-button-align-stretch elementor-widget elementor-widget-form\" data-id=\"d4a4aeb\" data-element_type=\"widget\" data-e-type=\"widget\" data-settings=\"{&quot;step_next_label&quot;:&quot;N\\u00e4chster&quot;,&quot;step_previous_label&quot;:&quot;Voriger&quot;,&quot;button_width&quot;:&quot;100&quot;,&quot;step_type&quot;:&quot;number_text&quot;,&quot;step_icon_shape&quot;:&quot;circle&quot;}\" data-widget_type=\"form.default\">\n\t\t\t\t\t\t\t<form class=\"elementor-form\" method=\"post\" name=\"Neues Formular\" aria-label=\"Neues Formular\">\n\t\t\t<input type=\"hidden\" name=\"post_id\" value=\"614\"\/>\n\t\t\t<input type=\"hidden\" name=\"form_id\" value=\"d4a4aeb\"\/>\n\t\t\t<input type=\"hidden\" name=\"referer_title\" value=\"Kontakt - glampingoase\" \/>\n\n\t\t\t\t\t\t\t<input type=\"hidden\" name=\"queried_id\" value=\"614\"\/>\n\t\t\t\n\t\t\t<div class=\"elementor-form-fields-wrapper elementor-labels-above\">\n\t\t\t\t\t\t\t\t<div class=\"elementor-field-type-text elementor-field-group elementor-column elementor-field-group-name elementor-col-100\">\n\t\t\t\t\t\t\t\t\t\t\t\t<label for=\"form-field-name\" class=\"elementor-field-label\">\n\t\t\t\t\t\t\t\tName\t\t\t\t\t\t\t<\/label>\n\t\t\t\t\t\t\t\t\t\t\t\t\t\t<input size=\"1\" type=\"text\" name=\"form_fields[name]\" id=\"form-field-name\" class=\"elementor-field elementor-size-sm  elementor-field-textual\" placeholder=\"Name\">\n\t\t\t\t\t\t\t\t\t\t\t<\/div>\n\t\t\t\t\t\t\t\t<div class=\"elementor-field-type-email elementor-field-group elementor-column elementor-field-group-email elementor-col-100 elementor-field-required elementor-mark-required\">\n\t\t\t\t\t\t\t\t\t\t\t\t<label for=\"form-field-email\" class=\"elementor-field-label\">\n\t\t\t\t\t\t\t\tE-Mail\t\t\t\t\t\t\t<\/label>\n\t\t\t\t\t\t\t\t\t\t\t\t\t\t<input size=\"1\" type=\"email\" name=\"form_fields[email]\" id=\"form-field-email\" class=\"elementor-field elementor-size-sm  elementor-field-textual\" placeholder=\"E-Mail\" required=\"required\">\n\t\t\t\t\t\t\t\t\t\t\t<\/div>\n\t\t\t\t\t\t\t\t<div class=\"elementor-field-type-text elementor-field-group elementor-column elementor-field-group-field_35443fd elementor-col-100\">\n\t\t\t\t\t\t\t\t\t\t\t\t<label for=\"form-field-field_35443fd\" class=\"elementor-field-label\">\n\t\t\t\t\t\t\t\tTelefon\t\t\t\t\t\t\t<\/label>\n\t\t\t\t\t\t\t\t\t\t\t\t\t\t<input size=\"1\" type=\"text\" name=\"form_fields[field_35443fd]\" id=\"form-field-field_35443fd\" class=\"elementor-field elementor-size-sm  elementor-field-textual\" placeholder=\"Telefon\">\n\t\t\t\t\t\t\t\t\t\t\t<\/div>\n\t\t\t\t\t\t\t\t<div class=\"elementor-field-type-textarea elementor-field-group elementor-column elementor-field-group-message elementor-col-100\">\n\t\t\t\t\t\t\t\t\t\t\t\t<label for=\"form-field-message\" class=\"elementor-field-label\">\n\t\t\t\t\t\t\t\tNachricht\t\t\t\t\t\t\t<\/label>\n\t\t\t\t\t\t<textarea class=\"elementor-field-textual elementor-field  elementor-size-sm\" name=\"form_fields[message]\" id=\"form-field-message\" rows=\"4\" placeholder=\"Nachricht\"><\/textarea>\t\t\t\t<\/div>\n\t\t\t\t\t\t\t\t<div class=\"elementor-field-type-recaptcha_v3 elementor-field-group elementor-column elementor-field-group-field_0b14e86 elementor-col-100 recaptcha_v3-bottomright\">\n\t\t\t\t\t<div class=\"elementor-field\" id=\"form-field-field_0b14e86\"><div class=\"elementor-g-recaptcha\" data-sitekey=\"6Ld98w4rAAAAAHWGrb17h3WKAR6tECAGdowzeSzm\" data-type=\"v3\" data-action=\"Form\" data-badge=\"bottomright\" data-size=\"invisible\"><\/div><\/div>\t\t\t\t<\/div>\n\t\t\t\t\t\t\t\t<div class=\"elementor-field-group elementor-column elementor-field-type-submit elementor-col-100 e-form__buttons\">\n\t\t\t\t\t<button class=\"elementor-button elementor-size-sm\" type=\"submit\">\n\t\t\t\t\t\t<span class=\"elementor-button-content-wrapper\">\n\t\t\t\t\t\t\t\t\t\t\t\t\t\t\t\t\t\t\t\t\t\t<span class=\"elementor-button-text\">Senden<\/span>\n\t\t\t\t\t\t\t\t\t\t\t\t\t<\/span>\n\t\t\t\t\t<\/button>\n\t\t\t\t<\/div>\n\t\t\t<\/div>\n\t\t<\/form>\n\t\t\t\t\t\t<\/div>\n\t\t\t\t<\/div>\n\t\t\t\t\t<\/div>\n\t\t\t\t<\/div>\n\t\t\t\t<\/div>\n\t\t","protected":false},"excerpt":{"rendered":"<p>Kontaktiere uns Hast du Fragen\/Anregungen? Dann sind wir selbstverst\u00e4ndlich jederzeit f\u00fcr dich da.\u00a0F\u00fclle einfach das Kontaktformular aus oder schreibe uns eine Mail. Wir melden uns dann schnellstm\u00f6glich bei dir. Wenn du ein Dein Glampingobjekt bei uns bewerben und auflisten m\u00f6chtest, kannst du dich ebenfalls sehr gerne per Kontaktformular oder Mail an uns wenden. Kontaktiere uns [&hellip;]<\/p>\n","protected":false},"author":1,"featured_media":0,"parent":0,"menu_order":0,"comment_status":"closed","ping_status":"closed","template":"elementor_header_footer","meta":{"footnotes":""},"class_list":["post-614","page","type-page","status-publish","hentry"],"yoast_head":"<!-- This site is optimized with the Yoast SEO plugin v27.5 - https:\/\/yoast.com\/product\/yoast-seo-wordpress\/ -->\n<title>Kontakt - glampingoase<\/title>\n<meta name=\"robots\" content=\"index, follow, max-snippet:-1, max-image-preview:large, max-video-preview:-1\" \/>\n<link rel=\"canonical\" href=\"https:\/\/glampingoase.com\/en\/kontakt\/\" \/>\n<meta property=\"og:locale\" content=\"en_US\" \/>\n<meta property=\"og:type\" content=\"article\" \/>\n<meta property=\"og:title\" content=\"Kontakt - glampingoase\" \/>\n<meta property=\"og:description\" content=\"Kontaktiere uns Hast du Fragen\/Anregungen? Dann sind wir selbstverst\u00e4ndlich jederzeit f\u00fcr dich da.\u00a0F\u00fclle einfach das Kontaktformular aus oder schreibe uns eine Mail. Wir melden uns dann schnellstm\u00f6glich bei dir. Wenn du ein Dein Glampingobjekt bei uns bewerben und auflisten m\u00f6chtest, kannst du dich ebenfalls sehr gerne per Kontaktformular oder Mail an uns wenden. Kontaktiere uns [&hellip;]\" \/>\n<meta property=\"og:url\" content=\"https:\/\/glampingoase.com\/en\/kontakt\/\" \/>\n<meta property=\"og:site_name\" content=\"glampingoase\" \/>\n<meta property=\"article:publisher\" content=\"https:\/\/www.facebook.com\/share\/1DYMrTx4Sf\/\" \/>\n<meta property=\"article:modified_time\" content=\"2025-08-16T17:49:15+00:00\" \/>\n<meta name=\"twitter:card\" content=\"summary_large_image\" \/>\n<meta name=\"twitter:label1\" content=\"Est. reading time\" \/>\n\t<meta name=\"twitter:data1\" content=\"1 minute\" \/>\n<script type=\"application\/ld+json\" class=\"yoast-schema-graph\">{\"@context\":\"https:\\\/\\\/schema.org\",\"@graph\":[{\"@type\":\"WebPage\",\"@id\":\"https:\\\/\\\/glampingoase.com\\\/en\\\/kontakt\\\/\",\"url\":\"https:\\\/\\\/glampingoase.com\\\/en\\\/kontakt\\\/\",\"name\":\"Kontakt - glampingoase\",\"isPartOf\":{\"@id\":\"https:\\\/\\\/glampingoase.com\\\/en\\\/#website\"},\"primaryImageOfPage\":{\"@id\":\"https:\\\/\\\/glampingoase.com\\\/en\\\/kontakt\\\/#primaryimage\"},\"image\":{\"@id\":\"https:\\\/\\\/glampingoase.com\\\/en\\\/kontakt\\\/#primaryimage\"},\"thumbnailUrl\":\"https:\\\/\\\/glampingoase.com\\\/wp-content\\\/uploads\\\/2022\\\/10\\\/Color-logo-no-background-1024x297.png\",\"datePublished\":\"2024-11-26T15:25:45+00:00\",\"dateModified\":\"2025-08-16T17:49:15+00:00\",\"breadcrumb\":{\"@id\":\"https:\\\/\\\/glampingoase.com\\\/en\\\/kontakt\\\/#breadcrumb\"},\"inLanguage\":\"en-US\",\"potentialAction\":[{\"@type\":\"ReadAction\",\"target\":[\"https:\\\/\\\/glampingoase.com\\\/en\\\/kontakt\\\/\"]}]},{\"@type\":\"ImageObject\",\"inLanguage\":\"en-US\",\"@id\":\"https:\\\/\\\/glampingoase.com\\\/en\\\/kontakt\\\/#primaryimage\",\"url\":\"https:\\\/\\\/glampingoase.com\\\/wp-content\\\/uploads\\\/2022\\\/10\\\/Color-logo-no-background-1024x297.png\",\"contentUrl\":\"https:\\\/\\\/glampingoase.com\\\/wp-content\\\/uploads\\\/2022\\\/10\\\/Color-logo-no-background-1024x297.png\"},{\"@type\":\"BreadcrumbList\",\"@id\":\"https:\\\/\\\/glampingoase.com\\\/en\\\/kontakt\\\/#breadcrumb\",\"itemListElement\":[{\"@type\":\"ListItem\",\"position\":1,\"name\":\"Startseite\",\"item\":\"https:\\\/\\\/glampingoase.com\\\/\"},{\"@type\":\"ListItem\",\"position\":2,\"name\":\"Kontakt\"}]},{\"@type\":\"WebSite\",\"@id\":\"https:\\\/\\\/glampingoase.com\\\/en\\\/#website\",\"url\":\"https:\\\/\\\/glampingoase.com\\\/en\\\/\",\"name\":\"glampingoase\",\"description\":\"dein Portal f\u00fcr aussergew\u00f6hnliche Erlebnisse\",\"potentialAction\":[{\"@type\":\"SearchAction\",\"target\":{\"@type\":\"EntryPoint\",\"urlTemplate\":\"https:\\\/\\\/glampingoase.com\\\/en\\\/?s={search_term_string}\"},\"query-input\":{\"@type\":\"PropertyValueSpecification\",\"valueRequired\":true,\"valueName\":\"search_term_string\"}}],\"inLanguage\":\"en-US\"}]}<\/script>\n<!-- \/ Yoast SEO plugin. -->","yoast_head_json":{"title":"Contact - glampingoase","robots":{"index":"index","follow":"follow","max-snippet":"max-snippet:-1","max-image-preview":"max-image-preview:large","max-video-preview":"max-video-preview:-1"},"canonical":"https:\/\/glampingoase.com\/en\/kontakt\/","og_locale":"en_US","og_type":"article","og_title":"Kontakt - glampingoase","og_description":"Kontaktiere uns Hast du Fragen\/Anregungen? Dann sind wir selbstverst\u00e4ndlich jederzeit f\u00fcr dich da.\u00a0F\u00fclle einfach das Kontaktformular aus oder schreibe uns eine Mail. Wir melden uns dann schnellstm\u00f6glich bei dir. Wenn du ein Dein Glampingobjekt bei uns bewerben und auflisten m\u00f6chtest, kannst du dich ebenfalls sehr gerne per Kontaktformular oder Mail an uns wenden. Kontaktiere uns [&hellip;]","og_url":"https:\/\/glampingoase.com\/en\/kontakt\/","og_site_name":"glampingoase","article_publisher":"https:\/\/www.facebook.com\/share\/1DYMrTx4Sf\/","article_modified_time":"2025-08-16T17:49:15+00:00","twitter_card":"summary_large_image","twitter_misc":{"Est. reading time":"1 minute"},"schema":{"@context":"https:\/\/schema.org","@graph":[{"@type":"WebPage","@id":"https:\/\/glampingoase.com\/en\/kontakt\/","url":"https:\/\/glampingoase.com\/en\/kontakt\/","name":"Contact - glampingoase","isPartOf":{"@id":"https:\/\/glampingoase.com\/en\/#website"},"primaryImageOfPage":{"@id":"https:\/\/glampingoase.com\/en\/kontakt\/#primaryimage"},"image":{"@id":"https:\/\/glampingoase.com\/en\/kontakt\/#primaryimage"},"thumbnailUrl":"https:\/\/glampingoase.com\/wp-content\/uploads\/2022\/10\/Color-logo-no-background-1024x297.png","datePublished":"2024-11-26T15:25:45+00:00","dateModified":"2025-08-16T17:49:15+00:00","breadcrumb":{"@id":"https:\/\/glampingoase.com\/en\/kontakt\/#breadcrumb"},"inLanguage":"en-US","potentialAction":[{"@type":"ReadAction","target":["https:\/\/glampingoase.com\/en\/kontakt\/"]}]},{"@type":"ImageObject","inLanguage":"en-US","@id":"https:\/\/glampingoase.com\/en\/kontakt\/#primaryimage","url":"https:\/\/glampingoase.com\/wp-content\/uploads\/2022\/10\/Color-logo-no-background-1024x297.png","contentUrl":"https:\/\/glampingoase.com\/wp-content\/uploads\/2022\/10\/Color-logo-no-background-1024x297.png"},{"@type":"BreadcrumbList","@id":"https:\/\/glampingoase.com\/en\/kontakt\/#breadcrumb","itemListElement":[{"@type":"ListItem","position":1,"name":"Startseite","item":"https:\/\/glampingoase.com\/"},{"@type":"ListItem","position":2,"name":"Kontakt"}]},{"@type":"WebSite","@id":"https:\/\/glampingoase.com\/en\/#website","url":"https:\/\/glampingoase.com\/en\/","name":"glampingoase","description":"Your portal for extraordinary experiences","potentialAction":[{"@type":"SearchAction","target":{"@type":"EntryPoint","urlTemplate":"https:\/\/glampingoase.com\/en\/?s={search_term_string}"},"query-input":{"@type":"PropertyValueSpecification","valueRequired":true,"valueName":"search_term_string"}}],"inLanguage":"en-US"}]}},"_links":{"self":[{"href":"https:\/\/glampingoase.com\/en\/wp-json\/wp\/v2\/pages\/614","targetHints":{"allow":["GET"]}}],"collection":[{"href":"https:\/\/glampingoase.com\/en\/wp-json\/wp\/v2\/pages"}],"about":[{"href":"https:\/\/glampingoase.com\/en\/wp-json\/wp\/v2\/types\/page"}],"author":[{"embeddable":true,"href":"https:\/\/glampingoase.com\/en\/wp-json\/wp\/v2\/users\/1"}],"replies":[{"embeddable":true,"href":"https:\/\/glampingoase.com\/en\/wp-json\/wp\/v2\/comments?post=614"}],"version-history":[{"count":15,"href":"https:\/\/glampingoase.com\/en\/wp-json\/wp\/v2\/pages\/614\/revisions"}],"predecessor-version":[{"id":32064,"href":"https:\/\/glampingoase.com\/en\/wp-json\/wp\/v2\/pages\/614\/revisions\/32064"}],"wp:attachment":[{"href":"https:\/\/glampingoase.com\/en\/wp-json\/wp\/v2\/media?parent=614"}],"curies":[{"name":"wp","href":"https:\/\/api.w.org\/{rel}","templated":true}]}}