{"id":52924,"date":"2025-10-04T14:51:30","date_gmt":"2025-10-04T12:51:30","guid":{"rendered":"https:\/\/glampingoase.com\/?page_id=52924"},"modified":"2026-01-27T20:42:57","modified_gmt":"2026-01-27T19:42:57","slug":"landingpage-glamping-am-meer","status":"publish","type":"page","link":"https:\/\/glampingoase.com\/en\/glamping-am-strand\/","title":{"rendered":"Glamping on the beach"},"content":{"rendered":"<div data-elementor-type=\"wp-page\" data-elementor-id=\"52924\" class=\"elementor elementor-52924\" data-elementor-post-type=\"page\">\n\t\t\t\t<div class=\"elementor-element elementor-element-1a27ac3 e-con-full e-flex e-con e-child\" data-id=\"1a27ac3\" data-element_type=\"container\" data-e-type=\"container\" data-settings=\"{&quot;jet_parallax_layout_list&quot;:[]}\">\n\t\t\t\t<div class=\"elementor-element elementor-element-68cfcde elementor-widget elementor-widget-heading\" data-id=\"68cfcde\" data-element_type=\"widget\" data-e-type=\"widget\" data-widget_type=\"heading.default\">\n\t\t\t\t\t<h2 class=\"elementor-heading-title elementor-size-default\">Glamping on the beach<\/h2>\t\t\t\t<\/div>\n\t\t\t\t<div class=\"elementor-element elementor-element-f38f070 elementor-widget elementor-widget-text-editor\" data-id=\"f38f070\" data-element_type=\"widget\" data-e-type=\"widget\" data-widget_type=\"text-editor.default\">\n\t\t\t\t\t\t\t\t\t<p>Glamping on the beach combines the best of both worlds: relaxing proximity to the water and comfortable accommodation in the middle of nature. Whether it's a stylish safari tent, modern tiny house or luxurious lodge - you can enjoy short distances to the beach, fresh air and fantastic views without sacrificing comfort. Ideal for anyone looking for peace, nature and a special vacation experience right on the beach.<\/p>\t\t\t\t\t\t\t\t<\/div>\n\t\t\t\t<div class=\"elementor-element elementor-element-fa1f4ec elementor-widget elementor-widget-heading\" data-id=\"fa1f4ec\" data-element_type=\"widget\" data-e-type=\"widget\" data-widget_type=\"heading.default\">\n\t\t\t\t\t<h3 class=\"elementor-heading-title elementor-size-default\">Selected accommodation on the beach<\/h3>\t\t\t\t<\/div>\n\t\t\t\t<div class=\"elementor-element elementor-element-a3927f5 elementor-widget elementor-widget-jet-listing-grid\" data-id=\"a3927f5\" data-element_type=\"widget\" data-e-type=\"widget\" data-settings=\"{&quot;columns&quot;:&quot;3&quot;,&quot;columns_tablet&quot;:&quot;1&quot;,&quot;columns_mobile&quot;:&quot;1&quot;}\" data-widget_type=\"jet-listing-grid.default\">\n\t\t\t\t\t<div class=\"jet-listing-grid jet-listing-grid--lazy-load jet-listing jet-listing-grid-loading\" data-lazy-load=\"{&quot;offset&quot;:&quot;0px&quot;,&quot;post_id&quot;:52924,&quot;queried_id&quot;:&quot;52924|WP_Post&quot;}\"><div class=\"jet-listing-grid__loader\"><div class=\"jet-listing-grid__loader-spinner\"><\/div><\/div><\/div>\t\t\t\t<\/div>\n\t\t\t\t<div class=\"elementor-element elementor-element-e1ba377 elementor-align-center elementor-widget elementor-widget-button\" data-id=\"e1ba377\" data-element_type=\"widget\" data-e-type=\"widget\" data-widget_type=\"button.default\">\n\t\t\t\t\t\t\t\t\t\t<a class=\"elementor-button elementor-button-link elementor-size-sm\" href=\"https:\/\/glampingoase.com\/en\/glampings\/?jsf=jet-engine:filter-propertie&#038;tax=surroundings:115\">\n\t\t\t\t\t\t<span class=\"elementor-button-content-wrapper\">\n\t\t\t\t\t\t\t\t\t<span class=\"elementor-button-text\">To all accommodation near the beach<\/span>\n\t\t\t\t\t<\/span>\n\t\t\t\t\t<\/a>\n\t\t\t\t\t\t\t\t<\/div>\n\t\t\t\t<div class=\"elementor-element elementor-element-8204758 elementor-widget elementor-widget-text-editor\" data-id=\"8204758\" data-element_type=\"widget\" data-e-type=\"widget\" data-widget_type=\"text-editor.default\">\n\t\t\t\t\t\t\t\t\t<p data-start=\"1254\" data-end=\"1584\">A glamping vacation on the beach not only offers relaxation, but also a wide range of activities: walks on the beach, sunsets over the water or water sports right in front of the accommodation. Many glamping properties are situated in a quiet, natural location, yet still allow quick access to coastal towns, restaurants or excursion destinations. This makes glamping by the sea the ideal combination of relaxation, nature experience and gentle luxury.<\/p><p data-start=\"1807\" data-end=\"1948\">You can find all glamping accommodation near the beach <a href=\"https:\/\/glampingoase.com\/en\/glampings\/?jsf=jet-engine:filter-propertie&amp;tax=surroundings:115\">here<\/a>.<\/p>\t\t\t\t\t\t\t\t<\/div>\n\t\t\t\t<div class=\"elementor-element elementor-element-0dc988d elementor-widget elementor-widget-jet-accordion\" data-id=\"0dc988d\" data-element_type=\"widget\" data-e-type=\"widget\" data-widget_type=\"jet-accordion.default\">\n\t\t\t\t<div class=\"elementor-widget-container\">\n\t\t\t\t\t\t\t\t\t<div class=\"jet-accordion\" data-settings=\"{&quot;collapsible&quot;:true,&quot;ajaxTemplate&quot;:false,&quot;switchScrolling&quot;:false,&quot;switchScrollingTablet&quot;:false,&quot;switchScrollingMobile&quot;:false,&quot;switchScrollingOffset&quot;:{&quot;size&quot;:0,&quot;unit&quot;:&quot;px&quot;},&quot;switchScrollingOffsetTablet&quot;:{&quot;size&quot;:0,&quot;unit&quot;:&quot;px&quot;},&quot;switchScrollingOffsetMobile&quot;:{&quot;size&quot;:0,&quot;unit&quot;:&quot;px&quot;},&quot;switchScrollingDelay&quot;:500,&quot;switchScrollingDelayTablet&quot;:500,&quot;switchScrollingDelayMobile&quot;:500}\">\n\t\t\t<div class=\"jet-accordion__inner\">\n\t\t\t\t<div class=\"jet-accordion__item jet-toggle jet-toggle-move-up-effect\">\n\t\t\t\t\t\t\t<div id=\"jet-toggle-control-1441\" class=\"jet-toggle__control elementor-menu-anchor\" data-toggle=\"1\" role=\"button\" tabindex=\"0\" aria-controls=\"jet-toggle-content-1441\" aria-expanded=\"false\" data-template-id=\"false\">\n\t\t\t\t\t\t\t\t<div class=\"jet-toggle__label-icon jet-toggle-icon-position-right\"><span class=\"jet-toggle__icon icon-normal jet-tabs-icon\"><svg xmlns=\"http:\/\/www.w3.org\/2000\/svg\" id=\"Layer_1\" height=\"512\" viewbox=\"0 0 128 128\" width=\"512\"><path id=\"Down_Arrow_3_\" d=\"m64 88c-1.023 0-2.047-.391-2.828-1.172l-40-40c-1.563-1.563-1.563-4.094 0-5.656s4.094-1.563 5.656 0l37.172 37.172 37.172-37.172c1.563-1.563 4.094-1.563 5.656 0s1.563 4.094 0 5.656l-40 40c-.781.781-1.805 1.172-2.828 1.172z\"><\/path><\/svg><\/span><span class=\"jet-toggle__icon icon-active jet-tabs-icon\"><svg xmlns=\"http:\/\/www.w3.org\/2000\/svg\" id=\"Layer_1\" height=\"512\" viewbox=\"0 0 2000 2000\" width=\"512\"><g><g><path d=\"m1744 1436c-16.4 0-32.8-6.2-45.3-18.7l-698.7-698.8-698.7 698.7c-25 25-65.5 25-90.5 0s-25-65.5 0-90.5l744-744c25-25 65.5-25 90.5 0l744 744c25 25 25 65.5 0 90.5-12.5 12.6-28.9 18.8-45.3 18.8z\"><\/path><\/g><\/g><\/svg><\/span><\/div><h4 class=\"jet-toggle__label-text\">What does glamping on the beach mean?<\/h4>\t\t\t\t\t\t\t<\/div>\n\t\t\t\t\t\t\t<div id=\"jet-toggle-content-1441\" class=\"jet-toggle__content\" data-toggle=\"1\" role=\"region\" data-template-id=\"false\">\n\t\t\t\t\t\t\t\t<div class=\"jet-toggle__content-inner\"><p>Glamping on the beach combines comfortable accommodation with direct proximity to a beach - whether by the sea, lake or coast. You stay close to nature while enjoying amenities such as comfortable beds, electricity and private sanitary facilities.<\/p><\/div>\n\t\t\t\t\t\t\t<\/div>\n\t\t\t\t\t\t<\/div><div class=\"jet-accordion__item jet-toggle jet-toggle-move-up-effect\">\n\t\t\t\t\t\t\t<div id=\"jet-toggle-control-1442\" class=\"jet-toggle__control elementor-menu-anchor\" data-toggle=\"2\" role=\"button\" tabindex=\"0\" aria-controls=\"jet-toggle-content-1442\" aria-expanded=\"false\" data-template-id=\"false\">\n\t\t\t\t\t\t\t\t<div class=\"jet-toggle__label-icon jet-toggle-icon-position-right\"><span class=\"jet-toggle__icon icon-normal jet-tabs-icon\"><svg xmlns=\"http:\/\/www.w3.org\/2000\/svg\" id=\"Layer_1\" height=\"512\" viewbox=\"0 0 128 128\" width=\"512\"><path id=\"Down_Arrow_3_\" d=\"m64 88c-1.023 0-2.047-.391-2.828-1.172l-40-40c-1.563-1.563-1.563-4.094 0-5.656s4.094-1.563 5.656 0l37.172 37.172 37.172-37.172c1.563-1.563 4.094-1.563 5.656 0s1.563 4.094 0 5.656l-40 40c-.781.781-1.805 1.172-2.828 1.172z\"><\/path><\/svg><\/span><span class=\"jet-toggle__icon icon-active jet-tabs-icon\"><svg xmlns=\"http:\/\/www.w3.org\/2000\/svg\" id=\"Layer_1\" height=\"512\" viewbox=\"0 0 2000 2000\" width=\"512\"><g><g><path d=\"m1744 1436c-16.4 0-32.8-6.2-45.3-18.7l-698.7-698.8-698.7 698.7c-25 25-65.5 25-90.5 0s-25-65.5 0-90.5l744-744c25-25 65.5-25 90.5 0l744 744c25 25 25 65.5 0 90.5-12.5 12.6-28.9 18.8-45.3 18.8z\"><\/path><\/g><\/g><\/svg><\/span><\/div><h4 class=\"jet-toggle__label-text\">How close are the glamping accommodations to the beach?<\/h4>\t\t\t\t\t\t\t<\/div>\n\t\t\t\t\t\t\t<div id=\"jet-toggle-content-1442\" class=\"jet-toggle__content\" data-toggle=\"2\" role=\"region\" data-template-id=\"false\">\n\t\t\t\t\t\t\t\t<div class=\"jet-toggle__content-inner\"><p>Many glamping properties are located directly on the beach or just a few minutes' walk away. Whether sandy beach, pebble beach or lakeshore - the exact location is described on the respective property page.<\/p><\/div>\n\t\t\t\t\t\t\t<\/div>\n\t\t\t\t\t\t<\/div><div class=\"jet-accordion__item jet-toggle jet-toggle-move-up-effect\">\n\t\t\t\t\t\t\t<div id=\"jet-toggle-control-1443\" class=\"jet-toggle__control elementor-menu-anchor\" data-toggle=\"3\" role=\"button\" tabindex=\"0\" aria-controls=\"jet-toggle-content-1443\" aria-expanded=\"false\" data-template-id=\"false\">\n\t\t\t\t\t\t\t\t<div class=\"jet-toggle__label-icon jet-toggle-icon-position-right\"><span class=\"jet-toggle__icon icon-normal jet-tabs-icon\"><svg xmlns=\"http:\/\/www.w3.org\/2000\/svg\" id=\"Layer_1\" height=\"512\" viewbox=\"0 0 128 128\" width=\"512\"><path id=\"Down_Arrow_3_\" d=\"m64 88c-1.023 0-2.047-.391-2.828-1.172l-40-40c-1.563-1.563-1.563-4.094 0-5.656s4.094-1.563 5.656 0l37.172 37.172 37.172-37.172c1.563-1.563 4.094-1.563 5.656 0s1.563 4.094 0 5.656l-40 40c-.781.781-1.805 1.172-2.828 1.172z\"><\/path><\/svg><\/span><span class=\"jet-toggle__icon icon-active jet-tabs-icon\"><svg xmlns=\"http:\/\/www.w3.org\/2000\/svg\" id=\"Layer_1\" height=\"512\" viewbox=\"0 0 2000 2000\" width=\"512\"><g><g><path d=\"m1744 1436c-16.4 0-32.8-6.2-45.3-18.7l-698.7-698.8-698.7 698.7c-25 25-65.5 25-90.5 0s-25-65.5 0-90.5l744-744c25-25 65.5-25 90.5 0l744 744c25 25 25 65.5 0 90.5-12.5 12.6-28.9 18.8-45.3 18.8z\"><\/path><\/g><\/g><\/svg><\/span><\/div><h4 class=\"jet-toggle__label-text\">What accommodation is available for glamping on the beach?<\/h4>\t\t\t\t\t\t\t<\/div>\n\t\t\t\t\t\t\t<div id=\"jet-toggle-content-1443\" class=\"jet-toggle__content\" data-toggle=\"3\" role=\"region\" data-template-id=\"false\">\n\t\t\t\t\t\t\t\t<div class=\"jet-toggle__content-inner\"><p>When glamping on the beach, you will find safari tents, lodges, tiny houses, bungalows or special accommodation such as bubbles or tree houses - often with a view of the water or right next to the beach.<\/p><\/div>\n\t\t\t\t\t\t\t<\/div>\n\t\t\t\t\t\t<\/div><div class=\"jet-accordion__item jet-toggle jet-toggle-move-up-effect\">\n\t\t\t\t\t\t\t<div id=\"jet-toggle-control-1444\" class=\"jet-toggle__control elementor-menu-anchor\" data-toggle=\"4\" role=\"button\" tabindex=\"0\" aria-controls=\"jet-toggle-content-1444\" aria-expanded=\"false\" data-template-id=\"false\">\n\t\t\t\t\t\t\t\t<div class=\"jet-toggle__label-icon jet-toggle-icon-position-right\"><span class=\"jet-toggle__icon icon-normal jet-tabs-icon\"><svg xmlns=\"http:\/\/www.w3.org\/2000\/svg\" id=\"Layer_1\" height=\"512\" viewbox=\"0 0 128 128\" width=\"512\"><path id=\"Down_Arrow_3_\" d=\"m64 88c-1.023 0-2.047-.391-2.828-1.172l-40-40c-1.563-1.563-1.563-4.094 0-5.656s4.094-1.563 5.656 0l37.172 37.172 37.172-37.172c1.563-1.563 4.094-1.563 5.656 0s1.563 4.094 0 5.656l-40 40c-.781.781-1.805 1.172-2.828 1.172z\"><\/path><\/svg><\/span><span class=\"jet-toggle__icon icon-active jet-tabs-icon\"><svg xmlns=\"http:\/\/www.w3.org\/2000\/svg\" id=\"Layer_1\" height=\"512\" viewbox=\"0 0 2000 2000\" width=\"512\"><g><g><path d=\"m1744 1436c-16.4 0-32.8-6.2-45.3-18.7l-698.7-698.8-698.7 698.7c-25 25-65.5 25-90.5 0s-25-65.5 0-90.5l744-744c25-25 65.5-25 90.5 0l744 744c25 25 25 65.5 0 90.5-12.5 12.6-28.9 18.8-45.3 18.8z\"><\/path><\/g><\/g><\/svg><\/span><\/div><h4 class=\"jet-toggle__label-text\">Is glamping on the beach suitable for families?<\/h4>\t\t\t\t\t\t\t<\/div>\n\t\t\t\t\t\t\t<div id=\"jet-toggle-content-1444\" class=\"jet-toggle__content\" data-toggle=\"4\" role=\"region\" data-template-id=\"false\">\n\t\t\t\t\t\t\t\t<div class=\"jet-toggle__content-inner\"><p>Yes, glamping on the beach is ideal for families. Short distances to the water, plenty of outdoor space and experiences close to nature make this type of vacation particularly family-friendly.<\/p><\/div>\n\t\t\t\t\t\t\t<\/div>\n\t\t\t\t\t\t<\/div><div class=\"jet-accordion__item jet-toggle jet-toggle-move-up-effect\">\n\t\t\t\t\t\t\t<div id=\"jet-toggle-control-1445\" class=\"jet-toggle__control elementor-menu-anchor\" data-toggle=\"5\" role=\"button\" tabindex=\"0\" aria-controls=\"jet-toggle-content-1445\" aria-expanded=\"false\" data-template-id=\"false\">\n\t\t\t\t\t\t\t\t<div class=\"jet-toggle__label-icon jet-toggle-icon-position-right\"><span class=\"jet-toggle__icon icon-normal jet-tabs-icon\"><svg xmlns=\"http:\/\/www.w3.org\/2000\/svg\" id=\"Layer_1\" height=\"512\" viewbox=\"0 0 128 128\" width=\"512\"><path id=\"Down_Arrow_3_\" d=\"m64 88c-1.023 0-2.047-.391-2.828-1.172l-40-40c-1.563-1.563-1.563-4.094 0-5.656s4.094-1.563 5.656 0l37.172 37.172 37.172-37.172c1.563-1.563 4.094-1.563 5.656 0s1.563 4.094 0 5.656l-40 40c-.781.781-1.805 1.172-2.828 1.172z\"><\/path><\/svg><\/span><span class=\"jet-toggle__icon icon-active jet-tabs-icon\"><svg xmlns=\"http:\/\/www.w3.org\/2000\/svg\" id=\"Layer_1\" height=\"512\" viewbox=\"0 0 2000 2000\" width=\"512\"><g><g><path d=\"m1744 1436c-16.4 0-32.8-6.2-45.3-18.7l-698.7-698.8-698.7 698.7c-25 25-65.5 25-90.5 0s-25-65.5 0-90.5l744-744c25-25 65.5-25 90.5 0l744 744c25 25 25 65.5 0 90.5-12.5 12.6-28.9 18.8-45.3 18.8z\"><\/path><\/g><\/g><\/svg><\/span><\/div><h4 class=\"jet-toggle__label-text\">Can I take my dog with me when glamping on the beach?<\/h4>\t\t\t\t\t\t\t<\/div>\n\t\t\t\t\t\t\t<div id=\"jet-toggle-content-1445\" class=\"jet-toggle__content\" data-toggle=\"5\" role=\"region\" data-template-id=\"false\">\n\t\t\t\t\t\t\t\t<div class=\"jet-toggle__content-inner\"><p>Some glamping accommodations on the beach are pet-friendly. Whether dogs are allowed depends on the individual property and is clearly stated in the accommodation details.<br \/>You can find suitable accommodation <a href=\"https:\/\/glampingoase.com\/en\/glampings\/?jsf=jet-engine:filter-propertie&amp;tax=surroundings:115&amp;meta=haustiere:ja\">here<\/a>.<\/p><\/div>\n\t\t\t\t\t\t\t<\/div>\n\t\t\t\t\t\t<\/div><div class=\"jet-accordion__item jet-toggle jet-toggle-move-up-effect\">\n\t\t\t\t\t\t\t<div id=\"jet-toggle-control-1446\" class=\"jet-toggle__control elementor-menu-anchor\" data-toggle=\"6\" role=\"button\" tabindex=\"0\" aria-controls=\"jet-toggle-content-1446\" aria-expanded=\"false\" data-template-id=\"false\">\n\t\t\t\t\t\t\t\t<div class=\"jet-toggle__label-icon jet-toggle-icon-position-right\"><span class=\"jet-toggle__icon icon-normal jet-tabs-icon\"><svg xmlns=\"http:\/\/www.w3.org\/2000\/svg\" id=\"Layer_1\" height=\"512\" viewbox=\"0 0 128 128\" width=\"512\"><path id=\"Down_Arrow_3_\" d=\"m64 88c-1.023 0-2.047-.391-2.828-1.172l-40-40c-1.563-1.563-1.563-4.094 0-5.656s4.094-1.563 5.656 0l37.172 37.172 37.172-37.172c1.563-1.563 4.094-1.563 5.656 0s1.563 4.094 0 5.656l-40 40c-.781.781-1.805 1.172-2.828 1.172z\"><\/path><\/svg><\/span><span class=\"jet-toggle__icon icon-active jet-tabs-icon\"><svg xmlns=\"http:\/\/www.w3.org\/2000\/svg\" id=\"Layer_1\" height=\"512\" viewbox=\"0 0 2000 2000\" width=\"512\"><g><g><path d=\"m1744 1436c-16.4 0-32.8-6.2-45.3-18.7l-698.7-698.8-698.7 698.7c-25 25-65.5 25-90.5 0s-25-65.5 0-90.5l744-744c25-25 65.5-25 90.5 0l744 744c25 25 25 65.5 0 90.5-12.5 12.6-28.9 18.8-45.3 18.8z\"><\/path><\/g><\/g><\/svg><\/span><\/div><h4 class=\"jet-toggle__label-text\">When is the best time to go glamping on the beach?<\/h4>\t\t\t\t\t\t\t<\/div>\n\t\t\t\t\t\t\t<div id=\"jet-toggle-content-1446\" class=\"jet-toggle__content\" data-toggle=\"6\" role=\"region\" data-template-id=\"false\">\n\t\t\t\t\t\t\t\t<div class=\"jet-toggle__content-inner\"><p>The best time to visit depends on the region. Spring and summer are particularly suitable for beach vacations, while the low season is often quieter and offers ideal conditions for walks and relaxation.<\/p><\/div>\n\t\t\t\t\t\t\t<\/div>\n\t\t\t\t\t\t<\/div>\t\t\t<\/div>\n\t\t<\/div>\n\t\t\t\t\t\t<\/div>\n\t\t\t\t<\/div>\n\t\t\t\t<\/div>\n\t\t\t\t<\/div>","protected":false},"excerpt":{"rendered":"<p>Glamping am Strand Glamping am Strand verbindet das Beste aus zwei Welten: die entspannende N\u00e4he zum Wasser und komfortable Unterk\u00fcnfte mitten in der Natur. Ob stilvolles Safarizelt, modernes Tiny House oder luxuri\u00f6se Lodge \u2013 du genie\u00dft kurze Wege zum Strand, frische Luft und traumhafte Ausblicke, ohne auf Bequemlichkeit zu verzichten. Ideal f\u00fcr alle, die Ruhe, [&hellip;]<\/p>\n","protected":false},"author":6,"featured_media":0,"parent":0,"menu_order":0,"comment_status":"closed","ping_status":"closed","template":"","meta":{"footnotes":""},"class_list":["post-52924","page","type-page","status-publish","hentry"],"yoast_head":"<!-- This site is optimized with the Yoast SEO plugin v27.4 - https:\/\/yoast.com\/product\/yoast-seo-wordpress\/ -->\n<title>Glamping am Strand - glampingoase<\/title>\n<meta name=\"robots\" content=\"index, follow, max-snippet:-1, max-image-preview:large, max-video-preview:-1\" \/>\n<link rel=\"canonical\" href=\"https:\/\/glampingoase.com\/en\/glamping-am-strand\/\" \/>\n<meta property=\"og:locale\" content=\"en_US\" \/>\n<meta property=\"og:type\" content=\"article\" \/>\n<meta property=\"og:title\" content=\"Glamping am Strand - glampingoase\" \/>\n<meta property=\"og:description\" content=\"Glamping am Strand Glamping am Strand verbindet das Beste aus zwei Welten: die entspannende N\u00e4he zum Wasser und komfortable Unterk\u00fcnfte mitten in der Natur. Ob stilvolles Safarizelt, modernes Tiny House oder luxuri\u00f6se Lodge \u2013 du genie\u00dft kurze Wege zum Strand, frische Luft und traumhafte Ausblicke, ohne auf Bequemlichkeit zu verzichten. Ideal f\u00fcr alle, die Ruhe, [&hellip;]\" \/>\n<meta property=\"og:url\" content=\"https:\/\/glampingoase.com\/en\/glamping-am-strand\/\" \/>\n<meta property=\"og:site_name\" content=\"glampingoase\" \/>\n<meta property=\"article:publisher\" content=\"https:\/\/www.facebook.com\/share\/1DYMrTx4Sf\/\" \/>\n<meta property=\"article:modified_time\" content=\"2026-01-27T19:42:57+00:00\" \/>\n<meta name=\"twitter:card\" content=\"summary_large_image\" \/>\n<meta name=\"twitter:label1\" content=\"Est. reading time\" \/>\n\t<meta name=\"twitter:data1\" content=\"2 minutes\" \/>\n<script type=\"application\/ld+json\" class=\"yoast-schema-graph\">{\"@context\":\"https:\\\/\\\/schema.org\",\"@graph\":[{\"@type\":\"WebPage\",\"@id\":\"https:\\\/\\\/glampingoase.com\\\/en\\\/glamping-am-strand\\\/\",\"url\":\"https:\\\/\\\/glampingoase.com\\\/en\\\/glamping-am-strand\\\/\",\"name\":\"Glamping am Strand - glampingoase\",\"isPartOf\":{\"@id\":\"https:\\\/\\\/glampingoase.com\\\/en\\\/#website\"},\"datePublished\":\"2025-10-04T12:51:30+00:00\",\"dateModified\":\"2026-01-27T19:42:57+00:00\",\"breadcrumb\":{\"@id\":\"https:\\\/\\\/glampingoase.com\\\/en\\\/glamping-am-strand\\\/#breadcrumb\"},\"inLanguage\":\"en-US\",\"potentialAction\":[{\"@type\":\"ReadAction\",\"target\":[\"https:\\\/\\\/glampingoase.com\\\/en\\\/glamping-am-strand\\\/\"]}]},{\"@type\":\"BreadcrumbList\",\"@id\":\"https:\\\/\\\/glampingoase.com\\\/en\\\/glamping-am-strand\\\/#breadcrumb\",\"itemListElement\":[{\"@type\":\"ListItem\",\"position\":1,\"name\":\"Startseite\",\"item\":\"https:\\\/\\\/glampingoase.com\\\/\"},{\"@type\":\"ListItem\",\"position\":2,\"name\":\"Glamping am Strand\"}]},{\"@type\":\"WebSite\",\"@id\":\"https:\\\/\\\/glampingoase.com\\\/en\\\/#website\",\"url\":\"https:\\\/\\\/glampingoase.com\\\/en\\\/\",\"name\":\"glampingoase\",\"description\":\"dein Portal f\u00fcr aussergew\u00f6hnliche Erlebnisse\",\"potentialAction\":[{\"@type\":\"SearchAction\",\"target\":{\"@type\":\"EntryPoint\",\"urlTemplate\":\"https:\\\/\\\/glampingoase.com\\\/en\\\/?s={search_term_string}\"},\"query-input\":{\"@type\":\"PropertyValueSpecification\",\"valueRequired\":true,\"valueName\":\"search_term_string\"}}],\"inLanguage\":\"en-US\"}]}<\/script>\n<!-- \/ Yoast SEO plugin. -->","yoast_head_json":{"title":"Glamping am Strand - glampingoase","robots":{"index":"index","follow":"follow","max-snippet":"max-snippet:-1","max-image-preview":"max-image-preview:large","max-video-preview":"max-video-preview:-1"},"canonical":"https:\/\/glampingoase.com\/en\/glamping-am-strand\/","og_locale":"en_US","og_type":"article","og_title":"Glamping am Strand - glampingoase","og_description":"Glamping am Strand Glamping am Strand verbindet das Beste aus zwei Welten: die entspannende N\u00e4he zum Wasser und komfortable Unterk\u00fcnfte mitten in der Natur. Ob stilvolles Safarizelt, modernes Tiny House oder luxuri\u00f6se Lodge \u2013 du genie\u00dft kurze Wege zum Strand, frische Luft und traumhafte Ausblicke, ohne auf Bequemlichkeit zu verzichten. Ideal f\u00fcr alle, die Ruhe, [&hellip;]","og_url":"https:\/\/glampingoase.com\/en\/glamping-am-strand\/","og_site_name":"glampingoase","article_publisher":"https:\/\/www.facebook.com\/share\/1DYMrTx4Sf\/","article_modified_time":"2026-01-27T19:42:57+00:00","twitter_card":"summary_large_image","twitter_misc":{"Est. reading time":"2 minutes"},"schema":{"@context":"https:\/\/schema.org","@graph":[{"@type":"WebPage","@id":"https:\/\/glampingoase.com\/en\/glamping-am-strand\/","url":"https:\/\/glampingoase.com\/en\/glamping-am-strand\/","name":"Glamping am Strand - glampingoase","isPartOf":{"@id":"https:\/\/glampingoase.com\/en\/#website"},"datePublished":"2025-10-04T12:51:30+00:00","dateModified":"2026-01-27T19:42:57+00:00","breadcrumb":{"@id":"https:\/\/glampingoase.com\/en\/glamping-am-strand\/#breadcrumb"},"inLanguage":"en-US","potentialAction":[{"@type":"ReadAction","target":["https:\/\/glampingoase.com\/en\/glamping-am-strand\/"]}]},{"@type":"BreadcrumbList","@id":"https:\/\/glampingoase.com\/en\/glamping-am-strand\/#breadcrumb","itemListElement":[{"@type":"ListItem","position":1,"name":"Startseite","item":"https:\/\/glampingoase.com\/"},{"@type":"ListItem","position":2,"name":"Glamping am Strand"}]},{"@type":"WebSite","@id":"https:\/\/glampingoase.com\/en\/#website","url":"https:\/\/glampingoase.com\/en\/","name":"glampingoase","description":"Your portal for extraordinary experiences","potentialAction":[{"@type":"SearchAction","target":{"@type":"EntryPoint","urlTemplate":"https:\/\/glampingoase.com\/en\/?s={search_term_string}"},"query-input":{"@type":"PropertyValueSpecification","valueRequired":true,"valueName":"search_term_string"}}],"inLanguage":"en-US"}]}},"_links":{"self":[{"href":"https:\/\/glampingoase.com\/en\/wp-json\/wp\/v2\/pages\/52924","targetHints":{"allow":["GET"]}}],"collection":[{"href":"https:\/\/glampingoase.com\/en\/wp-json\/wp\/v2\/pages"}],"about":[{"href":"https:\/\/glampingoase.com\/en\/wp-json\/wp\/v2\/types\/page"}],"author":[{"embeddable":true,"href":"https:\/\/glampingoase.com\/en\/wp-json\/wp\/v2\/users\/6"}],"replies":[{"embeddable":true,"href":"https:\/\/glampingoase.com\/en\/wp-json\/wp\/v2\/comments?post=52924"}],"version-history":[{"count":25,"href":"https:\/\/glampingoase.com\/en\/wp-json\/wp\/v2\/pages\/52924\/revisions"}],"predecessor-version":[{"id":73997,"href":"https:\/\/glampingoase.com\/en\/wp-json\/wp\/v2\/pages\/52924\/revisions\/73997"}],"wp:attachment":[{"href":"https:\/\/glampingoase.com\/en\/wp-json\/wp\/v2\/media?parent=52924"}],"curies":[{"name":"wp","href":"https:\/\/api.w.org\/{rel}","templated":true}]}}